{"id":9043,"date":"2020-07-01T19:40:07","date_gmt":"2020-07-01T17:40:07","guid":{"rendered":"https:\/\/www.kitciel.com\/product\/minilens-o3mm\/"},"modified":"2026-04-17T23:19:06","modified_gmt":"2026-04-17T21:19:06","slug":"minisoczewki-o3mm","status":"publish","type":"product","link":"https:\/\/www.kitciel.com\/pl\/produit\/minisoczewki-o3mm\/","title":{"rendered":"Minisoczewki \u00d83mm"},"content":{"rendered":"<p>Minisoczewki mocuje si\u0119 na ko\u0144cu \u015bwiat\u0142owodu, aby powi\u0119kszy\u0107 rozmiar gwiazdy do \u00d83mm. Przydatne do tworzenia konstelacji. Chro\u0144 w\u0142\u00f3kna i\/lub uczy\u0144 je bardziej widocznymi w wilgotnym \u015brodowisku, takim jak \u0142a\u017ania turecka lub sauna.<\/p>\n","protected":false},"excerpt":{"rendered":"<p>Tw\u00f3rz wi\u0119ksze gwiazdy dzi\u0119ki tej akrylowej ko\u0144c\u00f3wce \u00d83mm do \u015bwiat\u0142owodu \u00d80.75mm<\/p>\n","protected":false},"featured_media":7550,"comment_status":"closed","ping_status":"closed","template":"","meta":[],"product_brand":[],"product_cat":[298],"product_tag":[],"class_list":{"0":"post-9043","1":"product","2":"type-product","3":"status-publish","4":"has-post-thumbnail","6":"product_cat-akcesoria","8":"first","9":"instock","10":"taxable","11":"shipping-taxable","12":"purchasable","13":"product-type-variable","14":"has-default-attributes"},"yoast_head":"<!-- This site is optimized with the Yoast SEO plugin v27.5 - https:\/\/yoast.com\/product\/yoast-seo-wordpress\/ -->\n<title>Minisoczewki \u00d83mm - Kitciel.com - Expert en \u00c9clairage Fibre Optique et LED<\/title>\n<meta name=\"description\" content=\"Minisoczewki mocuje si\u0119 na ko\u0144cu \u015bwiat\u0142owodu, aby powi\u0119kszy\u0107 rozmiar gwiazdy do \u00d83mm. Przydatne do tworzenia konstelacji.\" \/>\n<meta name=\"robots\" content=\"index, follow, max-snippet:-1, max-image-preview:large, max-video-preview:-1\" \/>\n<link rel=\"canonical\" href=\"https:\/\/www.kitciel.com\/pl\/produit\/minisoczewki-o3mm\/\" \/>\n<meta property=\"og:locale\" content=\"pl_PL\" \/>\n<meta property=\"og:type\" content=\"article\" \/>\n<meta property=\"og:title\" content=\"Minisoczewki \u00d83mm - Kitciel.com - Expert en \u00c9clairage Fibre Optique et LED\" \/>\n<meta property=\"og:description\" content=\"Minisoczewki mocuje si\u0119 na ko\u0144cu \u015bwiat\u0142owodu, aby powi\u0119kszy\u0107 rozmiar gwiazdy do \u00d83mm. Przydatne do tworzenia konstelacji.\" \/>\n<meta property=\"og:url\" content=\"https:\/\/www.kitciel.com\/pl\/produit\/minisoczewki-o3mm\/\" \/>\n<meta property=\"og:site_name\" content=\"Kitciel.com - Expert en \u00c9clairage Fibre Optique et LED\" \/>\n<meta property=\"article:publisher\" content=\"https:\/\/www.facebook.com\/kitfibre\" \/>\n<meta property=\"article:modified_time\" content=\"2026-04-17T21:19:06+00:00\" \/>\n<meta property=\"og:image\" content=\"https:\/\/www.kitciel.com\/wp-content\/uploads\/2020\/07\/acrylic-mini-lens.jpg\" \/>\n\t<meta property=\"og:image:width\" content=\"335\" \/>\n\t<meta property=\"og:image:height\" content=\"335\" \/>\n\t<meta property=\"og:image:type\" content=\"image\/jpeg\" \/>\n<meta name=\"twitter:card\" content=\"summary_large_image\" \/>\n<script type=\"application\/ld+json\" class=\"yoast-schema-graph\">{\"@context\":\"https:\\\/\\\/schema.org\",\"@graph\":[{\"@type\":\"WebPage\",\"@id\":\"https:\\\/\\\/www.kitciel.com\\\/pl\\\/produit\\\/minisoczewki-o3mm\\\/\",\"url\":\"https:\\\/\\\/www.kitciel.com\\\/pl\\\/produit\\\/minisoczewki-o3mm\\\/\",\"name\":\"Minisoczewki \u00d83mm - Kitciel.com - Expert en \u00c9clairage Fibre Optique et LED\",\"isPartOf\":{\"@id\":\"https:\\\/\\\/www.kitciel.com\\\/pl\\\/#website\"},\"primaryImageOfPage\":{\"@id\":\"https:\\\/\\\/www.kitciel.com\\\/pl\\\/produit\\\/minisoczewki-o3mm\\\/#primaryimage\"},\"image\":{\"@id\":\"https:\\\/\\\/www.kitciel.com\\\/pl\\\/produit\\\/minisoczewki-o3mm\\\/#primaryimage\"},\"thumbnailUrl\":\"https:\\\/\\\/www.kitciel.com\\\/wp-content\\\/uploads\\\/2020\\\/07\\\/acrylic-mini-lens.jpg\",\"datePublished\":\"2020-07-01T17:40:07+00:00\",\"dateModified\":\"2026-04-17T21:19:06+00:00\",\"description\":\"Minisoczewki mocuje si\u0119 na ko\u0144cu \u015bwiat\u0142owodu, aby powi\u0119kszy\u0107 rozmiar gwiazdy do \u00d83mm. Przydatne do tworzenia konstelacji.\",\"breadcrumb\":{\"@id\":\"https:\\\/\\\/www.kitciel.com\\\/pl\\\/produit\\\/minisoczewki-o3mm\\\/#breadcrumb\"},\"inLanguage\":\"pl-PL\",\"potentialAction\":[{\"@type\":\"ReadAction\",\"target\":[\"https:\\\/\\\/www.kitciel.com\\\/pl\\\/produit\\\/minisoczewki-o3mm\\\/\"]}]},{\"@type\":\"ImageObject\",\"inLanguage\":\"pl-PL\",\"@id\":\"https:\\\/\\\/www.kitciel.com\\\/pl\\\/produit\\\/minisoczewki-o3mm\\\/#primaryimage\",\"url\":\"https:\\\/\\\/www.kitciel.com\\\/wp-content\\\/uploads\\\/2020\\\/07\\\/acrylic-mini-lens.jpg\",\"contentUrl\":\"https:\\\/\\\/www.kitciel.com\\\/wp-content\\\/uploads\\\/2020\\\/07\\\/acrylic-mini-lens.jpg\",\"width\":335,\"height\":335,\"caption\":\"minisoczewki \u00d83mm do \u015bwiat\u0142a \u015bwiat\u0142owodowego\"},{\"@type\":\"BreadcrumbList\",\"@id\":\"https:\\\/\\\/www.kitciel.com\\\/pl\\\/produit\\\/minisoczewki-o3mm\\\/#breadcrumb\",\"itemListElement\":[{\"@type\":\"ListItem\",\"position\":1,\"name\":\"Accueil\",\"item\":\"https:\\\/\\\/www.kitciel.com\\\/pl\\\/\"},{\"@type\":\"ListItem\",\"position\":2,\"name\":\"Sklep\",\"item\":\"https:\\\/\\\/www.kitciel.com\\\/pl\\\/sklep\\\/\"},{\"@type\":\"ListItem\",\"position\":3,\"name\":\"Minisoczewki \u00d83mm\"}]},{\"@type\":\"WebSite\",\"@id\":\"https:\\\/\\\/www.kitciel.com\\\/pl\\\/#website\",\"url\":\"https:\\\/\\\/www.kitciel.com\\\/pl\\\/\",\"name\":\"Kitciel.com - Expert en \u00c9clairage Fibre Optique et LED\",\"description\":\"\u00c9clairage LED et Fibre Optique pour Ciel \u00c9toil\u00e9\",\"publisher\":{\"@id\":\"https:\\\/\\\/www.kitciel.com\\\/pl\\\/#organization\"},\"potentialAction\":[{\"@type\":\"SearchAction\",\"target\":{\"@type\":\"EntryPoint\",\"urlTemplate\":\"https:\\\/\\\/www.kitciel.com\\\/pl\\\/?s={search_term_string}\"},\"query-input\":{\"@type\":\"PropertyValueSpecification\",\"valueRequired\":true,\"valueName\":\"search_term_string\"}}],\"inLanguage\":\"pl-PL\"},{\"@type\":\"Organization\",\"@id\":\"https:\\\/\\\/www.kitciel.com\\\/pl\\\/#organization\",\"name\":\"Kitciel.com\",\"url\":\"https:\\\/\\\/www.kitciel.com\\\/pl\\\/\",\"logo\":{\"@type\":\"ImageObject\",\"inLanguage\":\"pl-PL\",\"@id\":\"https:\\\/\\\/www.kitciel.com\\\/pl\\\/#\\\/schema\\\/logo\\\/image\\\/\",\"url\":\"https:\\\/\\\/www.kitciel.com\\\/wp-content\\\/uploads\\\/2020\\\/05\\\/Sans-titre-1-paiement-paypal.png\",\"contentUrl\":\"https:\\\/\\\/www.kitciel.com\\\/wp-content\\\/uploads\\\/2020\\\/05\\\/Sans-titre-1-paiement-paypal.png\",\"width\":150,\"height\":50,\"caption\":\"Kitciel.com\"},\"image\":{\"@id\":\"https:\\\/\\\/www.kitciel.com\\\/pl\\\/#\\\/schema\\\/logo\\\/image\\\/\"},\"sameAs\":[\"https:\\\/\\\/www.facebook.com\\\/kitfibre\",\"https:\\\/\\\/www.instagram.com\\\/kit.ciel\"]}]}<\/script>\n<!-- \/ Yoast SEO plugin. -->","yoast_head_json":{"title":"Minisoczewki \u00d83mm - Kitciel.com - Expert en \u00c9clairage Fibre Optique et LED","description":"Minisoczewki mocuje si\u0119 na ko\u0144cu \u015bwiat\u0142owodu, aby powi\u0119kszy\u0107 rozmiar gwiazdy do \u00d83mm. Przydatne do tworzenia konstelacji.","robots":{"index":"index","follow":"follow","max-snippet":"max-snippet:-1","max-image-preview":"max-image-preview:large","max-video-preview":"max-video-preview:-1"},"canonical":"https:\/\/www.kitciel.com\/pl\/produit\/minisoczewki-o3mm\/","og_locale":"pl_PL","og_type":"article","og_title":"Minisoczewki \u00d83mm - Kitciel.com - Expert en \u00c9clairage Fibre Optique et LED","og_description":"Minisoczewki mocuje si\u0119 na ko\u0144cu \u015bwiat\u0142owodu, aby powi\u0119kszy\u0107 rozmiar gwiazdy do \u00d83mm. Przydatne do tworzenia konstelacji.","og_url":"https:\/\/www.kitciel.com\/pl\/produit\/minisoczewki-o3mm\/","og_site_name":"Kitciel.com - Expert en \u00c9clairage Fibre Optique et LED","article_publisher":"https:\/\/www.facebook.com\/kitfibre","article_modified_time":"2026-04-17T21:19:06+00:00","og_image":[{"width":335,"height":335,"url":"https:\/\/www.kitciel.com\/wp-content\/uploads\/2020\/07\/acrylic-mini-lens.jpg","type":"image\/jpeg"}],"twitter_card":"summary_large_image","schema":{"@context":"https:\/\/schema.org","@graph":[{"@type":"WebPage","@id":"https:\/\/www.kitciel.com\/pl\/produit\/minisoczewki-o3mm\/","url":"https:\/\/www.kitciel.com\/pl\/produit\/minisoczewki-o3mm\/","name":"Minisoczewki \u00d83mm - Kitciel.com - Expert en \u00c9clairage Fibre Optique et LED","isPartOf":{"@id":"https:\/\/www.kitciel.com\/pl\/#website"},"primaryImageOfPage":{"@id":"https:\/\/www.kitciel.com\/pl\/produit\/minisoczewki-o3mm\/#primaryimage"},"image":{"@id":"https:\/\/www.kitciel.com\/pl\/produit\/minisoczewki-o3mm\/#primaryimage"},"thumbnailUrl":"https:\/\/www.kitciel.com\/wp-content\/uploads\/2020\/07\/acrylic-mini-lens.jpg","datePublished":"2020-07-01T17:40:07+00:00","dateModified":"2026-04-17T21:19:06+00:00","description":"Minisoczewki mocuje si\u0119 na ko\u0144cu \u015bwiat\u0142owodu, aby powi\u0119kszy\u0107 rozmiar gwiazdy do \u00d83mm. Przydatne do tworzenia konstelacji.","breadcrumb":{"@id":"https:\/\/www.kitciel.com\/pl\/produit\/minisoczewki-o3mm\/#breadcrumb"},"inLanguage":"pl-PL","potentialAction":[{"@type":"ReadAction","target":["https:\/\/www.kitciel.com\/pl\/produit\/minisoczewki-o3mm\/"]}]},{"@type":"ImageObject","inLanguage":"pl-PL","@id":"https:\/\/www.kitciel.com\/pl\/produit\/minisoczewki-o3mm\/#primaryimage","url":"https:\/\/www.kitciel.com\/wp-content\/uploads\/2020\/07\/acrylic-mini-lens.jpg","contentUrl":"https:\/\/www.kitciel.com\/wp-content\/uploads\/2020\/07\/acrylic-mini-lens.jpg","width":335,"height":335,"caption":"minisoczewki \u00d83mm do \u015bwiat\u0142a \u015bwiat\u0142owodowego"},{"@type":"BreadcrumbList","@id":"https:\/\/www.kitciel.com\/pl\/produit\/minisoczewki-o3mm\/#breadcrumb","itemListElement":[{"@type":"ListItem","position":1,"name":"Accueil","item":"https:\/\/www.kitciel.com\/pl\/"},{"@type":"ListItem","position":2,"name":"Sklep","item":"https:\/\/www.kitciel.com\/pl\/sklep\/"},{"@type":"ListItem","position":3,"name":"Minisoczewki \u00d83mm"}]},{"@type":"WebSite","@id":"https:\/\/www.kitciel.com\/pl\/#website","url":"https:\/\/www.kitciel.com\/pl\/","name":"Kitciel.com - Expert en \u00c9clairage Fibre Optique et LED","description":"\u00c9clairage LED et Fibre Optique pour Ciel \u00c9toil\u00e9","publisher":{"@id":"https:\/\/www.kitciel.com\/pl\/#organization"},"potentialAction":[{"@type":"SearchAction","target":{"@type":"EntryPoint","urlTemplate":"https:\/\/www.kitciel.com\/pl\/?s={search_term_string}"},"query-input":{"@type":"PropertyValueSpecification","valueRequired":true,"valueName":"search_term_string"}}],"inLanguage":"pl-PL"},{"@type":"Organization","@id":"https:\/\/www.kitciel.com\/pl\/#organization","name":"Kitciel.com","url":"https:\/\/www.kitciel.com\/pl\/","logo":{"@type":"ImageObject","inLanguage":"pl-PL","@id":"https:\/\/www.kitciel.com\/pl\/#\/schema\/logo\/image\/","url":"https:\/\/www.kitciel.com\/wp-content\/uploads\/2020\/05\/Sans-titre-1-paiement-paypal.png","contentUrl":"https:\/\/www.kitciel.com\/wp-content\/uploads\/2020\/05\/Sans-titre-1-paiement-paypal.png","width":150,"height":50,"caption":"Kitciel.com"},"image":{"@id":"https:\/\/www.kitciel.com\/pl\/#\/schema\/logo\/image\/"},"sameAs":["https:\/\/www.facebook.com\/kitfibre","https:\/\/www.instagram.com\/kit.ciel"]}]}},"_links":{"self":[{"href":"https:\/\/www.kitciel.com\/pl\/wp-json\/wp\/v2\/product\/9043","targetHints":{"allow":["GET"]}}],"collection":[{"href":"https:\/\/www.kitciel.com\/pl\/wp-json\/wp\/v2\/product"}],"about":[{"href":"https:\/\/www.kitciel.com\/pl\/wp-json\/wp\/v2\/types\/product"}],"replies":[{"embeddable":true,"href":"https:\/\/www.kitciel.com\/pl\/wp-json\/wp\/v2\/comments?post=9043"}],"version-history":[{"count":1,"href":"https:\/\/www.kitciel.com\/pl\/wp-json\/wp\/v2\/product\/9043\/revisions"}],"predecessor-version":[{"id":11670,"href":"https:\/\/www.kitciel.com\/pl\/wp-json\/wp\/v2\/product\/9043\/revisions\/11670"}],"wp:featuredmedia":[{"embeddable":true,"href":"https:\/\/www.kitciel.com\/pl\/wp-json\/wp\/v2\/media\/7550"}],"wp:attachment":[{"href":"https:\/\/www.kitciel.com\/pl\/wp-json\/wp\/v2\/media?parent=9043"}],"wp:term":[{"taxonomy":"product_brand","embeddable":true,"href":"https:\/\/www.kitciel.com\/pl\/wp-json\/wp\/v2\/product_brand?post=9043"},{"taxonomy":"product_cat","embeddable":true,"href":"https:\/\/www.kitciel.com\/pl\/wp-json\/wp\/v2\/product_cat?post=9043"},{"taxonomy":"product_tag","embeddable":true,"href":"https:\/\/www.kitciel.com\/pl\/wp-json\/wp\/v2\/product_tag?post=9043"}],"curies":[{"name":"wp","href":"https:\/\/api.w.org\/{rel}","templated":true}]}}