{"id":6178,"date":"2021-09-21T17:33:18","date_gmt":"2021-09-21T15:33:18","guid":{"rendered":"https:\/\/www.kitciel.com\/koszyk\/"},"modified":"2021-09-21T17:33:18","modified_gmt":"2021-09-21T15:33:18","slug":"koszyk","status":"publish","type":"page","link":"https:\/\/www.kitciel.com\/pl\/koszyk\/","title":{"rendered":"Koszyk"},"content":{"rendered":"\n","protected":false},"excerpt":{"rendered":"","protected":false},"author":49,"featured_media":0,"parent":0,"menu_order":0,"comment_status":"closed","ping_status":"closed","template":"","meta":{"footnotes":""},"class_list":["post-6178","page","type-page","status-publish","hentry"],"yoast_head":"<!-- This site is optimized with the Yoast SEO plugin v27.5 - https:\/\/yoast.com\/product\/yoast-seo-wordpress\/ -->\n<title>Koszyk - Kitciel.com - Expert en \u00c9clairage Fibre Optique et LED<\/title>\n<meta name=\"robots\" content=\"index, follow, max-snippet:-1, max-image-preview:large, max-video-preview:-1\" \/>\n<link rel=\"canonical\" href=\"https:\/\/www.kitciel.com\/pl\/koszyk\/\" \/>\n<meta property=\"og:locale\" content=\"pl_PL\" \/>\n<meta property=\"og:type\" content=\"article\" \/>\n<meta property=\"og:title\" content=\"Koszyk - Kitciel.com - Expert en \u00c9clairage Fibre Optique et LED\" \/>\n<meta property=\"og:url\" content=\"https:\/\/www.kitciel.com\/pl\/koszyk\/\" \/>\n<meta property=\"og:site_name\" content=\"Kitciel.com - Expert en \u00c9clairage Fibre Optique et LED\" \/>\n<meta property=\"article:publisher\" content=\"https:\/\/www.facebook.com\/kitfibre\" \/>\n<meta name=\"twitter:card\" content=\"summary_large_image\" \/>\n<script type=\"application\/ld+json\" class=\"yoast-schema-graph\">{\"@context\":\"https:\\\/\\\/schema.org\",\"@graph\":[{\"@type\":\"WebPage\",\"@id\":\"https:\\\/\\\/www.kitciel.com\\\/pl\\\/koszyk\\\/\",\"url\":\"https:\\\/\\\/www.kitciel.com\\\/pl\\\/koszyk\\\/\",\"name\":\"Koszyk - Kitciel.com - Expert en \u00c9clairage Fibre Optique et LED\",\"isPartOf\":{\"@id\":\"https:\\\/\\\/www.kitciel.com\\\/pl\\\/#website\"},\"datePublished\":\"2021-09-21T15:33:18+00:00\",\"breadcrumb\":{\"@id\":\"https:\\\/\\\/www.kitciel.com\\\/pl\\\/koszyk\\\/#breadcrumb\"},\"inLanguage\":\"pl-PL\",\"potentialAction\":[{\"@type\":\"ReadAction\",\"target\":[\"https:\\\/\\\/www.kitciel.com\\\/pl\\\/koszyk\\\/\"]}]},{\"@type\":\"BreadcrumbList\",\"@id\":\"https:\\\/\\\/www.kitciel.com\\\/pl\\\/koszyk\\\/#breadcrumb\",\"itemListElement\":[{\"@type\":\"ListItem\",\"position\":1,\"name\":\"Accueil\",\"item\":\"https:\\\/\\\/www.kitciel.com\\\/pl\\\/\"},{\"@type\":\"ListItem\",\"position\":2,\"name\":\"Koszyk\"}]},{\"@type\":\"WebSite\",\"@id\":\"https:\\\/\\\/www.kitciel.com\\\/pl\\\/#website\",\"url\":\"https:\\\/\\\/www.kitciel.com\\\/pl\\\/\",\"name\":\"Kitciel.com - Expert en \u00c9clairage Fibre Optique et LED\",\"description\":\"\u00c9clairage LED et Fibre Optique pour Ciel \u00c9toil\u00e9\",\"publisher\":{\"@id\":\"https:\\\/\\\/www.kitciel.com\\\/pl\\\/#organization\"},\"potentialAction\":[{\"@type\":\"SearchAction\",\"target\":{\"@type\":\"EntryPoint\",\"urlTemplate\":\"https:\\\/\\\/www.kitciel.com\\\/pl\\\/?s={search_term_string}\"},\"query-input\":{\"@type\":\"PropertyValueSpecification\",\"valueRequired\":true,\"valueName\":\"search_term_string\"}}],\"inLanguage\":\"pl-PL\"},{\"@type\":\"Organization\",\"@id\":\"https:\\\/\\\/www.kitciel.com\\\/pl\\\/#organization\",\"name\":\"Kitciel.com\",\"url\":\"https:\\\/\\\/www.kitciel.com\\\/pl\\\/\",\"logo\":{\"@type\":\"ImageObject\",\"inLanguage\":\"pl-PL\",\"@id\":\"https:\\\/\\\/www.kitciel.com\\\/pl\\\/#\\\/schema\\\/logo\\\/image\\\/\",\"url\":\"https:\\\/\\\/www.kitciel.com\\\/wp-content\\\/uploads\\\/2020\\\/05\\\/Sans-titre-1-paiement-paypal.png\",\"contentUrl\":\"https:\\\/\\\/www.kitciel.com\\\/wp-content\\\/uploads\\\/2020\\\/05\\\/Sans-titre-1-paiement-paypal.png\",\"width\":150,\"height\":50,\"caption\":\"Kitciel.com\"},\"image\":{\"@id\":\"https:\\\/\\\/www.kitciel.com\\\/pl\\\/#\\\/schema\\\/logo\\\/image\\\/\"},\"sameAs\":[\"https:\\\/\\\/www.facebook.com\\\/kitfibre\",\"https:\\\/\\\/www.instagram.com\\\/kit.ciel\"]}]}<\/script>\n<!-- \/ Yoast SEO plugin. -->","yoast_head_json":{"title":"Koszyk - Kitciel.com - Expert en \u00c9clairage Fibre Optique et LED","robots":{"index":"index","follow":"follow","max-snippet":"max-snippet:-1","max-image-preview":"max-image-preview:large","max-video-preview":"max-video-preview:-1"},"canonical":"https:\/\/www.kitciel.com\/pl\/koszyk\/","og_locale":"pl_PL","og_type":"article","og_title":"Koszyk - Kitciel.com - Expert en \u00c9clairage Fibre Optique et LED","og_url":"https:\/\/www.kitciel.com\/pl\/koszyk\/","og_site_name":"Kitciel.com - Expert en \u00c9clairage Fibre Optique et LED","article_publisher":"https:\/\/www.facebook.com\/kitfibre","twitter_card":"summary_large_image","schema":{"@context":"https:\/\/schema.org","@graph":[{"@type":"WebPage","@id":"https:\/\/www.kitciel.com\/pl\/koszyk\/","url":"https:\/\/www.kitciel.com\/pl\/koszyk\/","name":"Koszyk - Kitciel.com - Expert en \u00c9clairage Fibre Optique et LED","isPartOf":{"@id":"https:\/\/www.kitciel.com\/pl\/#website"},"datePublished":"2021-09-21T15:33:18+00:00","breadcrumb":{"@id":"https:\/\/www.kitciel.com\/pl\/koszyk\/#breadcrumb"},"inLanguage":"pl-PL","potentialAction":[{"@type":"ReadAction","target":["https:\/\/www.kitciel.com\/pl\/koszyk\/"]}]},{"@type":"BreadcrumbList","@id":"https:\/\/www.kitciel.com\/pl\/koszyk\/#breadcrumb","itemListElement":[{"@type":"ListItem","position":1,"name":"Accueil","item":"https:\/\/www.kitciel.com\/pl\/"},{"@type":"ListItem","position":2,"name":"Koszyk"}]},{"@type":"WebSite","@id":"https:\/\/www.kitciel.com\/pl\/#website","url":"https:\/\/www.kitciel.com\/pl\/","name":"Kitciel.com - Expert en \u00c9clairage Fibre Optique et LED","description":"\u00c9clairage LED et Fibre Optique pour Ciel \u00c9toil\u00e9","publisher":{"@id":"https:\/\/www.kitciel.com\/pl\/#organization"},"potentialAction":[{"@type":"SearchAction","target":{"@type":"EntryPoint","urlTemplate":"https:\/\/www.kitciel.com\/pl\/?s={search_term_string}"},"query-input":{"@type":"PropertyValueSpecification","valueRequired":true,"valueName":"search_term_string"}}],"inLanguage":"pl-PL"},{"@type":"Organization","@id":"https:\/\/www.kitciel.com\/pl\/#organization","name":"Kitciel.com","url":"https:\/\/www.kitciel.com\/pl\/","logo":{"@type":"ImageObject","inLanguage":"pl-PL","@id":"https:\/\/www.kitciel.com\/pl\/#\/schema\/logo\/image\/","url":"https:\/\/www.kitciel.com\/wp-content\/uploads\/2020\/05\/Sans-titre-1-paiement-paypal.png","contentUrl":"https:\/\/www.kitciel.com\/wp-content\/uploads\/2020\/05\/Sans-titre-1-paiement-paypal.png","width":150,"height":50,"caption":"Kitciel.com"},"image":{"@id":"https:\/\/www.kitciel.com\/pl\/#\/schema\/logo\/image\/"},"sameAs":["https:\/\/www.facebook.com\/kitfibre","https:\/\/www.instagram.com\/kit.ciel"]}]}},"_links":{"self":[{"href":"https:\/\/www.kitciel.com\/pl\/wp-json\/wp\/v2\/pages\/6178","targetHints":{"allow":["GET"]}}],"collection":[{"href":"https:\/\/www.kitciel.com\/pl\/wp-json\/wp\/v2\/pages"}],"about":[{"href":"https:\/\/www.kitciel.com\/pl\/wp-json\/wp\/v2\/types\/page"}],"author":[{"embeddable":true,"href":"https:\/\/www.kitciel.com\/pl\/wp-json\/wp\/v2\/users\/49"}],"replies":[{"embeddable":true,"href":"https:\/\/www.kitciel.com\/pl\/wp-json\/wp\/v2\/comments?post=6178"}],"version-history":[{"count":0,"href":"https:\/\/www.kitciel.com\/pl\/wp-json\/wp\/v2\/pages\/6178\/revisions"}],"wp:attachment":[{"href":"https:\/\/www.kitciel.com\/pl\/wp-json\/wp\/v2\/media?parent=6178"}],"curies":[{"name":"wp","href":"https:\/\/api.w.org\/{rel}","templated":true}]}}