{"id":16452,"date":"2026-03-01T05:47:35","date_gmt":"2026-03-01T03:47:35","guid":{"rendered":"https:\/\/www.kitciel.com\/?post_type=product&#038;p=16452"},"modified":"2026-04-17T21:27:43","modified_gmt":"2026-04-17T19:27:43","slug":"kit-ciel-etoile-200-fibres-o0-5-0-75-1-0mm-scintillant-rgbw-bluetooth-copie-copie-copie-2","status":"publish","type":"product","link":"https:\/\/www.kitciel.com\/nl\/produit\/kit-ciel-etoile-200-fibres-o0-5-0-75-1-0mm-scintillant-rgbw-bluetooth-copie-copie-copie-2\/","title":{"rendered":"LED18W RGBW Bluetooth twinkelende sterrenhemelkit | 200 tot 1.200 optische vezels"},"content":{"rendered":"<p data-start=\"161\" data-end=\"303\">Cre\u00eber eenvoudig een spectaculaire fonkelende sterrenhemel, zelfs op grote oppervlakken, met een diepe, gelijkmatige en meeslepende lichtweergave.<\/p>\n<p data-start=\"305\" data-end=\"564\">Deze complete kit combineert een 18W RGBW Bluetooth LED-generator, een afstandsbediening met groot bereik en een harnas van 200 tot 1.200 optische vezels om een echt sterrenplafond van topklasse te cre\u00ebren, of het nu in een residenti\u00eble of professionele omgeving is.<\/p>\n<p data-start=\"566\" data-end=\"779\">Via een app kun je de kleuren, lichtintensiteit en fonkelingseffecten nauwkeurig afstellen om een evoluerende, elegante sfeer te cre\u00ebren die perfect bij je project past.<\/p>\n<p data-start=\"781\" data-end=\"810\"><strong data-start=\"781\" data-end=\"810\">Waarom kiezen voor deze kit?<\/strong><\/p>\n<ul data-start=\"812\" data-end=\"1632\">\n<li data-section-id=\"1o4ko4b\" data-start=\"202\" data-end=\"324\"><strong data-start=\"204\" data-end=\"250\">18 W vermogen voor grote oppervlakken<\/strong>: ideaal voor een dicht, gelijkmatig en visueel opvallend effect<\/li>\n<li data-section-id=\"1w9j8y4\" data-start=\"325\" data-end=\"439\"><strong data-start=\"327\" data-end=\"357\">Realistisch twinkelend effect<\/strong>: natuurlijke variatie in licht voor een levendigere en meeslepende sterrenhemel<\/li>\n<li data-section-id=\"15vi3i0\" data-start=\"440\" data-end=\"550\"><strong data-start=\"442\" data-end=\"476\">Volledige controle over omgevingen<\/strong>: bediening via Bluetooth-toepassing + draadloze afstandsbediening met groot bereik<\/li>\n<li data-section-id=\"hadnm7\" data-start=\"551\" data-end=\"675\"><strong data-start=\"553\" data-end=\"592\">Aanpasbare kleuren en effecten<\/strong>: RGBW-technologie voor het cre\u00ebren van zowel zachte als spectaculaire sferen<\/li>\n<li data-section-id=\"yi1q89\" data-start=\"676\" data-end=\"823\"><strong data-start=\"678\" data-end=\"732\">Hoogwaardige optische vezels met lage demping<\/strong>: scherper, dieper en homogener licht, zelfs over lange vezellengtes<\/li>\n<li data-section-id=\"92w4pd\" data-start=\"824\" data-end=\"1023\"><strong data-start=\"826\" data-end=\"867\">Consistente lichtopbrengst in de loop der tijd<\/strong>: in tegenstelling tot standaard optische vezels wordt het lichtverlies hier beheerst, voor een consistente, stabiele lichtopbrengst, zelfs bij grote installaties<\/li>\n<li data-section-id=\"26pwk9\" data-start=\"1024\" data-end=\"1197\"><strong data-start=\"1026\" data-end=\"1063\">Optimale organisatie van vezels<\/strong>: progressieve lengtes, gegroepeerd en in zakken verpakt voor een soepelere installatie, betere distributie en minimaal verlies<\/li>\n<li data-section-id=\"1vdkl4d\" data-start=\"1198\" data-end=\"1304\"><strong data-start=\"1200\" data-end=\"1225\">Flexibele installatie<\/strong>: geschikt voor plafonds, decoratieve muren en bepaalde voertuigtoepassingen<\/li>\n<li data-section-id=\"jfscng\" data-start=\"1305\" data-end=\"1418\"><strong data-start=\"1307\" data-end=\"1339\">Complete, installatieklare kit<\/strong>: alle essenti\u00eble onderdelen worden meegeleverd om de installatie te vereenvoudigen<\/li>\n<\/ul>\n<p data-start=\"1634\" data-end=\"1652\"><strong data-start=\"1634\" data-end=\"1652\">Inhoud van de kit<\/strong><\/p>\n<ul data-start=\"1654\" data-end=\"1866\">\n<li data-section-id=\"1xjj6kw\" data-start=\"1654\" data-end=\"1690\">1 LED18W RGBW Bluetooth-generator<\/li>\n<li data-section-id=\"6g59v7\" data-start=\"1691\" data-end=\"1762\">1 glasvezelharnas (200 tot 1.200 vezels, afhankelijk van de configuratie)<\/li>\n<li data-section-id=\"3nw9rb\" data-start=\"1763\" data-end=\"1814\">1 radiografische afstandsbediening met groot bereik (inclusief batterij)<\/li>\n<li data-section-id=\"cszxmm\" data-start=\"1815\" data-end=\"1866\">1 complete voeding (transformator + kabels)<\/li>\n<\/ul>\n<h3 data-section-id=\"1wid31t\" data-start=\"2187\" data-end=\"2231\">Eenvoudige installatie, professionele afwerking<\/h3>\n<p data-start=\"2233\" data-end=\"2363\">Het installatieprincipe is eenvoudig: verdeel de lichtpunten, boor de steun, voer de vezels door en sluit vervolgens de generator aan.<\/p>\n<p data-start=\"2365\" data-end=\"2616\">De kit is ontworpen om ge\u00efnstalleerd te worden door elke doe-het-zelver, zonder specifieke elektrische vaardigheden, met een eindresultaat van hoge kwaliteit. Er is geen ingewikkelde programmering nodig: het systeem is klaar voor gebruik. <\/p>\n<h3 data-section-id=\"wggvqn\" data-start=\"2623\" data-end=\"2639\">Toepassingen<\/h3>\n<ul data-start=\"2641\" data-end=\"2926\">\n<li data-section-id=\"14hpai7\" data-start=\"2641\" data-end=\"2723\"><strong data-start=\"2643\" data-end=\"2656\">Interieur<\/strong>: woonkamer, slaapkamer, badkamer, spa, sauna, hammam, thuisbioscoop<\/li>\n<li data-section-id=\"5xtpgn\" data-start=\"2724\" data-end=\"2792\"><strong data-start=\"2726\" data-end=\"2743\">Professioneel<\/strong>: hotels, bars, restaurants, wellnessruimtes<\/li>\n<li data-section-id=\"yqyk2n\" data-start=\"2793\" data-end=\"2855\"><strong data-start=\"2795\" data-end=\"2819\">Geschikte ondergronden<\/strong>: gipsplaat, gyproc, hout, MDF, metaal<\/li>\n<li data-section-id=\"1mi4ijy\" data-start=\"2856\" data-end=\"2926\"><strong data-start=\"2858\" data-end=\"2871\">Voertuigen<\/strong>: paviljoeninstallatie met aangepaste voeding<\/li>\n<\/ul>\n<p>Een gedetailleerde, ge\u00efllustreerde installatiegids wordt meegeleverd om je stap voor stap te begeleiden en een eenvoudige, professionele installatie te garanderen.<\/p>\n<p data-start=\"2312\" data-end=\"2350\"><a href=\"https:\/\/www.kitciel.com\/wp-content\/uploads\/2024\/07\/Guide-de-montange-ciel-etoile_v2024.pdf\" target=\"_blank\" rel=\"noopener\">\ud83d\udcd8 Bekijk het overzicht van de montagehandleiding<\/a><\/p>\n","protected":false},"excerpt":{"rendered":"<p data-start=\"113\" data-end=\"248\">Een eersteklas oplossing voor het cre\u00ebren van een meeslepende, fonkelende sterrenhemel, met diepe, gelijkmatige rendering, zelfs op grote oppervlakken.<\/p>\n<p data-start=\"250\" data-end=\"422\">18W RGBW Bluetooth LED-generator met fonkelende effecten, bestuurd via app en afstandsbediening. Configuraties van 200 tot 1.200 optische vezels voor jouw project. <\/p>\n<p data-start=\"424\" data-end=\"440\"><strong data-start=\"424\" data-end=\"440\">Ideaal voor :<\/strong><\/p>\n<ul data-start=\"442\" data-end=\"669\">\n<li data-section-id=\"1w38clu\" data-start=\"442\" data-end=\"504\">grote kamers en decoratieve plafonds (10 tot 40 m\u00b2 en meer)<\/li>\n<li data-section-id=\"132b58i\" data-start=\"505\" data-end=\"554\">woonkamer, thuisbioscoop, slaapkamer, wellnessruimte<\/li>\n<li data-section-id=\"mp9f5v\" data-start=\"555\" data-end=\"611\">eersteklas residenti\u00eble en architecturale projecten<\/li>\n<li data-section-id=\"1rx1xu4\" data-start=\"612\" data-end=\"669\">professionele installaties (hotels, spa&#8217;s, catering)<\/li>\n<\/ul>\n<p data-start=\"671\" data-end=\"748\">Geschikt voor zowel veeleisende particuliere klanten als professionele projecten.<\/p>\n","protected":false},"featured_media":13815,"comment_status":"closed","ping_status":"closed","template":"","meta":[],"product_brand":[],"product_cat":[1067],"product_tag":[1068,420,336,492,534,908,952,337,339,338],"class_list":{"0":"post-16452","1":"product","2":"type-product","3":"status-publish","4":"has-post-thumbnail","6":"product_cat-sparkling-sky-rgbw-kits","7":"product_tag-1000-vezels","8":"product_tag-200-fibres-nl","9":"product_tag-300-fibres-nl","10":"product_tag-400-fibres-nl","11":"product_tag-500-fibres-nl","12":"product_tag-600-vezels","13":"product_tag-800-vezels","14":"product_tag-bluetooth-nl","15":"product_tag-flikkering-wiel","16":"product_tag-rgbw-nl","17":"product_shipping_class-kitmedium-nl","18":"pa_config-harnais-des-fibres-1-000-vezels-3-tot-7-m","19":"pa_config-harnais-des-fibres-1-200-vezels-2-tot-7-m","20":"pa_config-harnais-des-fibres-200-fibres-2-a-3m-nl-2","21":"pa_config-harnais-des-fibres-300-fibres-2-a-4-m-nl-2","22":"pa_config-harnais-des-fibres-300-fibres-2-6m-nl-2","23":"pa_config-harnais-des-fibres-400-fibres-2-a-5m-nl","24":"pa_config-harnais-des-fibres-500-fibres-2-a-6m-nl-2","25":"pa_config-harnais-des-fibres-600-vezels-2-tot-4-m","26":"pa_config-harnais-des-fibres-600-vezels-2-tot-6m","27":"pa_config-harnais-des-fibres-600-vezels-2-tot-7-m","28":"pa_config-harnais-des-fibres-800-vezels-2-tot-5m","29":"pa_diametres-fibres-050-075-100mm-nl","30":"pa_diametres-fibres-4-diameters-050-mm-075-mm-10-mm-20-mm","31":"pa_diametres-fibres-diameter-075-mm","32":"pa_dimension-generateur-mm-135-x-95-x-55mm-nl-2","33":"pa_longeur-des-fibres-2-2-7m","34":"pa_longeur-des-fibres-2-2-3m-nl","35":"pa_longeur-des-fibres-2-2-4m-nl","36":"pa_longeur-des-fibres-2-2-5m-nl","37":"pa_longeur-des-fibres-2-2-6m-nl","38":"pa_longeur-des-fibres-2-3-4m-nl","39":"pa_puissance-generateur-18w-nl","40":"pa_surface_conseillee-10-a-14m-nl-2","41":"pa_surface_conseillee-12-a-16m2-nl-2","42":"pa_surface_conseillee-14-a-20-m2-nl-2","43":"pa_surface_conseillee-20-tot-28-m2","44":"pa_surface_conseillee-28-tot-48m2","45":"pa_surface_conseillee-3-a-8m-nl-2","46":"pa_surface_conseillee-8-a-12m-nl-2","47":"pa_typegenerateur-rgb-bluetooth-nl","48":"pa_typegenerateur-rgbw-nl","49":"pa_typegenerateur-rgbw-tw-nl","51":"first","52":"instock","53":"sale","54":"featured","55":"taxable","56":"shipping-taxable","57":"purchasable","58":"product-type-variable","59":"has-default-attributes"},"yoast_head":"<!-- This site is optimized with the Yoast SEO plugin v27.5 - https:\/\/yoast.com\/product\/yoast-seo-wordpress\/ -->\n<title>RGBW twinkelende sterrenhemelkit met komeet 18W<\/title>\n<meta name=\"description\" content=\"18W Bluetooth RGBW twinkelende sterrenhemelkit met ge\u00efntegreerde komeetoptie (12 x 1W LED-uitgangen). Tot 1200 vezels voor een dynamisch, meeslepend sterrenhemelplafond.\" \/>\n<meta name=\"robots\" content=\"index, follow, max-snippet:-1, max-image-preview:large, max-video-preview:-1\" \/>\n<link rel=\"canonical\" href=\"https:\/\/www.kitciel.com\/nl\/produit\/kit-ciel-etoile-200-fibres-o0-5-0-75-1-0mm-scintillant-rgbw-bluetooth-copie-copie-copie-2\/\" \/>\n<meta property=\"og:locale\" content=\"nl_NL\" \/>\n<meta property=\"og:type\" content=\"article\" \/>\n<meta property=\"og:title\" content=\"Sterrenhemel kit 400 vezels - RGBW Bluetooth\" \/>\n<meta property=\"og:description\" content=\"Complete sterrenhemel kit bestaande uit een LED18W RGBW kleuren Bluetooth generator (IOS of Android compatibel) met lange afstand radiografische afstandsbediening en 200 fiber harnas van 2m tot 5m. La t\u00e9l\u00e9commande radio contr\u00f4le \u00e0 travers les parois et permet de s\u00e9lection de couleurs dont le blanc ainsi que plusieurs programmes de variation de couleur.\" \/>\n<meta property=\"og:url\" content=\"https:\/\/www.kitciel.com\/nl\/produit\/kit-ciel-etoile-200-fibres-o0-5-0-75-1-0mm-scintillant-rgbw-bluetooth-copie-copie-copie-2\/\" \/>\n<meta property=\"og:site_name\" content=\"Kitciel.com - Expert en \u00c9clairage Fibre Optique et LED\" \/>\n<meta property=\"article:publisher\" content=\"https:\/\/www.facebook.com\/kitfibre\" \/>\n<meta property=\"article:modified_time\" content=\"2026-04-17T19:27:43+00:00\" \/>\n<meta property=\"og:image\" content=\"https:\/\/www.kitciel.com\/wp-content\/uploads\/2020\/12\/Kit-ciel-led18W-BT.jpg\" \/>\n<meta name=\"twitter:card\" content=\"summary_large_image\" \/>\n<meta name=\"twitter:title\" content=\"Sterrenhemel kit 400 vezels - RGBW Bluetooth\" \/>\n<meta name=\"twitter:description\" content=\"Complete sterrenhemel kit bestaande uit een LED18W RGBW kleuren Bluetooth generator (IOS of Android compatibel) met lange afstand radiografische afstandsbediening en 200 fiber harnas van 2m tot 5m. La t\u00e9l\u00e9commande radio contr\u00f4le \u00e0 travers les parois et permet de s\u00e9lection de couleurs dont le blanc ainsi que plusieurs programmes de variation de couleur.\" \/>\n<meta name=\"twitter:image\" content=\"https:\/\/www.kitciel.com\/wp-content\/uploads\/2020\/12\/Kit-ciel-led18W-BT.jpg\" \/>\n<meta name=\"twitter:label1\" content=\"Geschatte leestijd\" \/>\n\t<meta name=\"twitter:data1\" content=\"2 minuten\" \/>\n<script type=\"application\/ld+json\" class=\"yoast-schema-graph\">{\"@context\":\"https:\\\/\\\/schema.org\",\"@graph\":[{\"@type\":\"WebPage\",\"@id\":\"https:\\\/\\\/www.kitciel.com\\\/nl\\\/produit\\\/kit-ciel-etoile-200-fibres-o0-5-0-75-1-0mm-scintillant-rgbw-bluetooth-copie-copie-copie-2\\\/\",\"url\":\"https:\\\/\\\/www.kitciel.com\\\/nl\\\/produit\\\/kit-ciel-etoile-200-fibres-o0-5-0-75-1-0mm-scintillant-rgbw-bluetooth-copie-copie-copie-2\\\/\",\"name\":\"RGBW twinkelende sterrenhemelkit met komeet 18W\",\"isPartOf\":{\"@id\":\"https:\\\/\\\/www.kitciel.com\\\/nl\\\/#website\"},\"primaryImageOfPage\":{\"@id\":\"https:\\\/\\\/www.kitciel.com\\\/nl\\\/produit\\\/kit-ciel-etoile-200-fibres-o0-5-0-75-1-0mm-scintillant-rgbw-bluetooth-copie-copie-copie-2\\\/#primaryimage\"},\"image\":{\"@id\":\"https:\\\/\\\/www.kitciel.com\\\/nl\\\/produit\\\/kit-ciel-etoile-200-fibres-o0-5-0-75-1-0mm-scintillant-rgbw-bluetooth-copie-copie-copie-2\\\/#primaryimage\"},\"thumbnailUrl\":\"https:\\\/\\\/www.kitciel.com\\\/wp-content\\\/uploads\\\/2024\\\/07\\\/LED18W-RGBW-Scintillant-3-diametres.webp\",\"datePublished\":\"2026-03-01T03:47:35+00:00\",\"dateModified\":\"2026-04-17T19:27:43+00:00\",\"description\":\"18W Bluetooth RGBW twinkelende sterrenhemelkit met ge\u00efntegreerde komeetoptie (12 x 1W LED-uitgangen). Tot 1200 vezels voor een dynamisch, meeslepend sterrenhemelplafond.\",\"breadcrumb\":{\"@id\":\"https:\\\/\\\/www.kitciel.com\\\/nl\\\/produit\\\/kit-ciel-etoile-200-fibres-o0-5-0-75-1-0mm-scintillant-rgbw-bluetooth-copie-copie-copie-2\\\/#breadcrumb\"},\"inLanguage\":\"nl-NL\",\"potentialAction\":[{\"@type\":\"ReadAction\",\"target\":[\"https:\\\/\\\/www.kitciel.com\\\/nl\\\/produit\\\/kit-ciel-etoile-200-fibres-o0-5-0-75-1-0mm-scintillant-rgbw-bluetooth-copie-copie-copie-2\\\/\"]}]},{\"@type\":\"ImageObject\",\"inLanguage\":\"nl-NL\",\"@id\":\"https:\\\/\\\/www.kitciel.com\\\/nl\\\/produit\\\/kit-ciel-etoile-200-fibres-o0-5-0-75-1-0mm-scintillant-rgbw-bluetooth-copie-copie-copie-2\\\/#primaryimage\",\"url\":\"https:\\\/\\\/www.kitciel.com\\\/wp-content\\\/uploads\\\/2024\\\/07\\\/LED18W-RGBW-Scintillant-3-diametres.webp\",\"contentUrl\":\"https:\\\/\\\/www.kitciel.com\\\/wp-content\\\/uploads\\\/2024\\\/07\\\/LED18W-RGBW-Scintillant-3-diametres.webp\",\"width\":800,\"height\":800,\"caption\":\"3-diameter sprankelende vezel sterrenhemel kit\"},{\"@type\":\"BreadcrumbList\",\"@id\":\"https:\\\/\\\/www.kitciel.com\\\/nl\\\/produit\\\/kit-ciel-etoile-200-fibres-o0-5-0-75-1-0mm-scintillant-rgbw-bluetooth-copie-copie-copie-2\\\/#breadcrumb\",\"itemListElement\":[{\"@type\":\"ListItem\",\"position\":1,\"name\":\"Accueil\",\"item\":\"https:\\\/\\\/www.kitciel.com\\\/nl\\\/\"},{\"@type\":\"ListItem\",\"position\":2,\"name\":\"Shop\",\"item\":\"https:\\\/\\\/www.kitciel.com\\\/nl\\\/winkel\\\/\"},{\"@type\":\"ListItem\",\"position\":3,\"name\":\"LED18W RGBW Bluetooth twinkelende sterrenhemelkit | 200 tot 1.200 optische vezels\"}]},{\"@type\":\"WebSite\",\"@id\":\"https:\\\/\\\/www.kitciel.com\\\/nl\\\/#website\",\"url\":\"https:\\\/\\\/www.kitciel.com\\\/nl\\\/\",\"name\":\"Kitciel.com - Expert en \u00c9clairage Fibre Optique et LED\",\"description\":\"\u00c9clairage LED et Fibre Optique pour Ciel \u00c9toil\u00e9\",\"publisher\":{\"@id\":\"https:\\\/\\\/www.kitciel.com\\\/nl\\\/#organization\"},\"potentialAction\":[{\"@type\":\"SearchAction\",\"target\":{\"@type\":\"EntryPoint\",\"urlTemplate\":\"https:\\\/\\\/www.kitciel.com\\\/nl\\\/?s={search_term_string}\"},\"query-input\":{\"@type\":\"PropertyValueSpecification\",\"valueRequired\":true,\"valueName\":\"search_term_string\"}}],\"inLanguage\":\"nl-NL\"},{\"@type\":\"Organization\",\"@id\":\"https:\\\/\\\/www.kitciel.com\\\/nl\\\/#organization\",\"name\":\"Kitciel.com\",\"url\":\"https:\\\/\\\/www.kitciel.com\\\/nl\\\/\",\"logo\":{\"@type\":\"ImageObject\",\"inLanguage\":\"nl-NL\",\"@id\":\"https:\\\/\\\/www.kitciel.com\\\/nl\\\/#\\\/schema\\\/logo\\\/image\\\/\",\"url\":\"https:\\\/\\\/www.kitciel.com\\\/wp-content\\\/uploads\\\/2020\\\/05\\\/Sans-titre-1-paiement-paypal.png\",\"contentUrl\":\"https:\\\/\\\/www.kitciel.com\\\/wp-content\\\/uploads\\\/2020\\\/05\\\/Sans-titre-1-paiement-paypal.png\",\"width\":150,\"height\":50,\"caption\":\"Kitciel.com\"},\"image\":{\"@id\":\"https:\\\/\\\/www.kitciel.com\\\/nl\\\/#\\\/schema\\\/logo\\\/image\\\/\"},\"sameAs\":[\"https:\\\/\\\/www.facebook.com\\\/kitfibre\",\"https:\\\/\\\/www.instagram.com\\\/kit.ciel\"]}]}<\/script>\n<!-- \/ Yoast SEO plugin. -->","yoast_head_json":{"title":"RGBW twinkelende sterrenhemelkit met komeet 18W","description":"18W Bluetooth RGBW twinkelende sterrenhemelkit met ge\u00efntegreerde komeetoptie (12 x 1W LED-uitgangen). Tot 1200 vezels voor een dynamisch, meeslepend sterrenhemelplafond.","robots":{"index":"index","follow":"follow","max-snippet":"max-snippet:-1","max-image-preview":"max-image-preview:large","max-video-preview":"max-video-preview:-1"},"canonical":"https:\/\/www.kitciel.com\/nl\/produit\/kit-ciel-etoile-200-fibres-o0-5-0-75-1-0mm-scintillant-rgbw-bluetooth-copie-copie-copie-2\/","og_locale":"nl_NL","og_type":"article","og_title":"Sterrenhemel kit 400 vezels - RGBW Bluetooth","og_description":"Complete sterrenhemel kit bestaande uit een LED18W RGBW kleuren Bluetooth generator (IOS of Android compatibel) met lange afstand radiografische afstandsbediening en 200 fiber harnas van 2m tot 5m. La t\u00e9l\u00e9commande radio contr\u00f4le \u00e0 travers les parois et permet de s\u00e9lection de couleurs dont le blanc ainsi que plusieurs programmes de variation de couleur.","og_url":"https:\/\/www.kitciel.com\/nl\/produit\/kit-ciel-etoile-200-fibres-o0-5-0-75-1-0mm-scintillant-rgbw-bluetooth-copie-copie-copie-2\/","og_site_name":"Kitciel.com - Expert en \u00c9clairage Fibre Optique et LED","article_publisher":"https:\/\/www.facebook.com\/kitfibre","article_modified_time":"2026-04-17T19:27:43+00:00","og_image":[{"url":"https:\/\/www.kitciel.com\/wp-content\/uploads\/2020\/12\/Kit-ciel-led18W-BT.jpg","type":"","width":"","height":""}],"twitter_card":"summary_large_image","twitter_title":"Sterrenhemel kit 400 vezels - RGBW Bluetooth","twitter_description":"Complete sterrenhemel kit bestaande uit een LED18W RGBW kleuren Bluetooth generator (IOS of Android compatibel) met lange afstand radiografische afstandsbediening en 200 fiber harnas van 2m tot 5m. La t\u00e9l\u00e9commande radio contr\u00f4le \u00e0 travers les parois et permet de s\u00e9lection de couleurs dont le blanc ainsi que plusieurs programmes de variation de couleur.","twitter_image":"https:\/\/www.kitciel.com\/wp-content\/uploads\/2020\/12\/Kit-ciel-led18W-BT.jpg","twitter_misc":{"Geschatte leestijd":"2 minuten"},"schema":{"@context":"https:\/\/schema.org","@graph":[{"@type":"WebPage","@id":"https:\/\/www.kitciel.com\/nl\/produit\/kit-ciel-etoile-200-fibres-o0-5-0-75-1-0mm-scintillant-rgbw-bluetooth-copie-copie-copie-2\/","url":"https:\/\/www.kitciel.com\/nl\/produit\/kit-ciel-etoile-200-fibres-o0-5-0-75-1-0mm-scintillant-rgbw-bluetooth-copie-copie-copie-2\/","name":"RGBW twinkelende sterrenhemelkit met komeet 18W","isPartOf":{"@id":"https:\/\/www.kitciel.com\/nl\/#website"},"primaryImageOfPage":{"@id":"https:\/\/www.kitciel.com\/nl\/produit\/kit-ciel-etoile-200-fibres-o0-5-0-75-1-0mm-scintillant-rgbw-bluetooth-copie-copie-copie-2\/#primaryimage"},"image":{"@id":"https:\/\/www.kitciel.com\/nl\/produit\/kit-ciel-etoile-200-fibres-o0-5-0-75-1-0mm-scintillant-rgbw-bluetooth-copie-copie-copie-2\/#primaryimage"},"thumbnailUrl":"https:\/\/www.kitciel.com\/wp-content\/uploads\/2024\/07\/LED18W-RGBW-Scintillant-3-diametres.webp","datePublished":"2026-03-01T03:47:35+00:00","dateModified":"2026-04-17T19:27:43+00:00","description":"18W Bluetooth RGBW twinkelende sterrenhemelkit met ge\u00efntegreerde komeetoptie (12 x 1W LED-uitgangen). Tot 1200 vezels voor een dynamisch, meeslepend sterrenhemelplafond.","breadcrumb":{"@id":"https:\/\/www.kitciel.com\/nl\/produit\/kit-ciel-etoile-200-fibres-o0-5-0-75-1-0mm-scintillant-rgbw-bluetooth-copie-copie-copie-2\/#breadcrumb"},"inLanguage":"nl-NL","potentialAction":[{"@type":"ReadAction","target":["https:\/\/www.kitciel.com\/nl\/produit\/kit-ciel-etoile-200-fibres-o0-5-0-75-1-0mm-scintillant-rgbw-bluetooth-copie-copie-copie-2\/"]}]},{"@type":"ImageObject","inLanguage":"nl-NL","@id":"https:\/\/www.kitciel.com\/nl\/produit\/kit-ciel-etoile-200-fibres-o0-5-0-75-1-0mm-scintillant-rgbw-bluetooth-copie-copie-copie-2\/#primaryimage","url":"https:\/\/www.kitciel.com\/wp-content\/uploads\/2024\/07\/LED18W-RGBW-Scintillant-3-diametres.webp","contentUrl":"https:\/\/www.kitciel.com\/wp-content\/uploads\/2024\/07\/LED18W-RGBW-Scintillant-3-diametres.webp","width":800,"height":800,"caption":"3-diameter sprankelende vezel sterrenhemel kit"},{"@type":"BreadcrumbList","@id":"https:\/\/www.kitciel.com\/nl\/produit\/kit-ciel-etoile-200-fibres-o0-5-0-75-1-0mm-scintillant-rgbw-bluetooth-copie-copie-copie-2\/#breadcrumb","itemListElement":[{"@type":"ListItem","position":1,"name":"Accueil","item":"https:\/\/www.kitciel.com\/nl\/"},{"@type":"ListItem","position":2,"name":"Shop","item":"https:\/\/www.kitciel.com\/nl\/winkel\/"},{"@type":"ListItem","position":3,"name":"LED18W RGBW Bluetooth twinkelende sterrenhemelkit | 200 tot 1.200 optische vezels"}]},{"@type":"WebSite","@id":"https:\/\/www.kitciel.com\/nl\/#website","url":"https:\/\/www.kitciel.com\/nl\/","name":"Kitciel.com - Expert en \u00c9clairage Fibre Optique et LED","description":"\u00c9clairage LED et Fibre Optique pour Ciel \u00c9toil\u00e9","publisher":{"@id":"https:\/\/www.kitciel.com\/nl\/#organization"},"potentialAction":[{"@type":"SearchAction","target":{"@type":"EntryPoint","urlTemplate":"https:\/\/www.kitciel.com\/nl\/?s={search_term_string}"},"query-input":{"@type":"PropertyValueSpecification","valueRequired":true,"valueName":"search_term_string"}}],"inLanguage":"nl-NL"},{"@type":"Organization","@id":"https:\/\/www.kitciel.com\/nl\/#organization","name":"Kitciel.com","url":"https:\/\/www.kitciel.com\/nl\/","logo":{"@type":"ImageObject","inLanguage":"nl-NL","@id":"https:\/\/www.kitciel.com\/nl\/#\/schema\/logo\/image\/","url":"https:\/\/www.kitciel.com\/wp-content\/uploads\/2020\/05\/Sans-titre-1-paiement-paypal.png","contentUrl":"https:\/\/www.kitciel.com\/wp-content\/uploads\/2020\/05\/Sans-titre-1-paiement-paypal.png","width":150,"height":50,"caption":"Kitciel.com"},"image":{"@id":"https:\/\/www.kitciel.com\/nl\/#\/schema\/logo\/image\/"},"sameAs":["https:\/\/www.facebook.com\/kitfibre","https:\/\/www.instagram.com\/kit.ciel"]}]}},"_links":{"self":[{"href":"https:\/\/www.kitciel.com\/nl\/wp-json\/wp\/v2\/product\/16452","targetHints":{"allow":["GET"]}}],"collection":[{"href":"https:\/\/www.kitciel.com\/nl\/wp-json\/wp\/v2\/product"}],"about":[{"href":"https:\/\/www.kitciel.com\/nl\/wp-json\/wp\/v2\/types\/product"}],"replies":[{"embeddable":true,"href":"https:\/\/www.kitciel.com\/nl\/wp-json\/wp\/v2\/comments?post=16452"}],"version-history":[{"count":3,"href":"https:\/\/www.kitciel.com\/nl\/wp-json\/wp\/v2\/product\/16452\/revisions"}],"predecessor-version":[{"id":16894,"href":"https:\/\/www.kitciel.com\/nl\/wp-json\/wp\/v2\/product\/16452\/revisions\/16894"}],"wp:featuredmedia":[{"embeddable":true,"href":"https:\/\/www.kitciel.com\/nl\/wp-json\/wp\/v2\/media\/13815"}],"wp:attachment":[{"href":"https:\/\/www.kitciel.com\/nl\/wp-json\/wp\/v2\/media?parent=16452"}],"wp:term":[{"taxonomy":"product_brand","embeddable":true,"href":"https:\/\/www.kitciel.com\/nl\/wp-json\/wp\/v2\/product_brand?post=16452"},{"taxonomy":"product_cat","embeddable":true,"href":"https:\/\/www.kitciel.com\/nl\/wp-json\/wp\/v2\/product_cat?post=16452"},{"taxonomy":"product_tag","embeddable":true,"href":"https:\/\/www.kitciel.com\/nl\/wp-json\/wp\/v2\/product_tag?post=16452"}],"curies":[{"name":"wp","href":"https:\/\/api.w.org\/{rel}","templated":true}]}}