{"id":7278,"date":"2021-02-19T19:51:11","date_gmt":"2021-02-19T17:51:11","guid":{"rendered":"https:\/\/www.kitciel.com\/a-propos-de-nous\/"},"modified":"2026-04-17T23:18:01","modified_gmt":"2026-04-17T21:18:01","slug":"a-propos-de-nous","status":"publish","type":"page","link":"https:\/\/www.kitciel.com\/nl\/a-propos-de-nous\/","title":{"rendered":"Over ons"},"content":{"rendered":"\t\t<div data-elementor-type=\"wp-page\" data-elementor-id=\"7278\" class=\"elementor elementor-7278 elementor-4385\" data-elementor-post-type=\"page\">\n\t\t\t\t\t\t<section class=\"elementor-section elementor-top-section elementor-element elementor-element-4ab6a7f elementor-section-boxed elementor-section-height-default elementor-section-height-default\" data-id=\"4ab6a7f\" data-element_type=\"section\" data-e-type=\"section\">\r\n\t\t\r\n\t\t\t\t\t\t\t<div class=\"elementor-container elementor-column-gap-default\">\r\n\t\t\t\t\t\t\t\t\t\t\t<div class=\"elementor-column elementor-col-100 elementor-top-column elementor-element elementor-element-a80cf7a\" data-id=\"a80cf7a\" data-element_type=\"column\" data-e-type=\"column\">\r\n\t\t\t\t\t<div class=\"elementor-widget-wrap\">\r\n\t\t\t\t\t\t\t\t\t<\/div>\r\n\t\t\t\t<\/div>\r\n\t\t\t\t\t<\/div>\r\n\t\t\t\t<\/section>\r\n\t\t\t\t<section class=\"elementor-section elementor-top-section elementor-element elementor-element-3afbf8a elementor-section-boxed elementor-section-height-default elementor-section-height-default\" data-id=\"3afbf8a\" data-element_type=\"section\" data-e-type=\"section\">\r\n\t\t\r\n\t\t\t\t\t\t\t<div class=\"elementor-container elementor-column-gap-default\">\r\n\t\t\t\t\t\t\t\t\t\t\t<div class=\"elementor-column elementor-col-100 elementor-top-column elementor-element elementor-element-5d69e14\" data-id=\"5d69e14\" data-element_type=\"column\" data-e-type=\"column\">\r\n\t\t\t\t\t<div class=\"elementor-widget-wrap elementor-element-populated\">\r\n\t\t\t\t\t\t\t\t<div class=\"elementor-element elementor-element-756260ac elementor-widget elementor-widget-image\" data-id=\"756260ac\" data-element_type=\"widget\" data-e-type=\"widget\" data-widget_type=\"image.default\">\n\t\t\t\t<div class=\"elementor-widget-container\">\n\t\t\t\t\t\t\t\t\t\t\t\t\t\t\t<img fetchpriority=\"high\" decoding=\"async\" width=\"1024\" height=\"341\" src=\"https:\/\/www.kitciel.com\/wp-content\/uploads\/2021\/11\/Banner-ciel-etoile-fibre-optique-haut-de-gamme-1024x341-min.jpg\" class=\"attachment-full size-full wp-image-10147\" alt=\"\" srcset=\"https:\/\/www.kitciel.com\/wp-content\/uploads\/2021\/11\/Banner-ciel-etoile-fibre-optique-haut-de-gamme-1024x341-min.jpg 1024w, https:\/\/www.kitciel.com\/wp-content\/uploads\/2021\/11\/Banner-ciel-etoile-fibre-optique-haut-de-gamme-1024x341-min-768x256.jpg 768w, https:\/\/www.kitciel.com\/wp-content\/uploads\/2021\/11\/Banner-ciel-etoile-fibre-optique-haut-de-gamme-1024x341-min-600x200.jpg 600w, https:\/\/www.kitciel.com\/wp-content\/uploads\/2021\/11\/Banner-ciel-etoile-fibre-optique-haut-de-gamme-1024x341-min-640x213.jpg 640w, https:\/\/www.kitciel.com\/wp-content\/uploads\/2021\/11\/Banner-ciel-etoile-fibre-optique-haut-de-gamme-1024x341-min-400x133.jpg 400w\" sizes=\"(max-width: 1024px) 100vw, 1024px\" \/>\t\t\t\t\t\t\t\t\t\t\t\t\t\t\t<\/div>\n\t\t\t\t<\/div>\n\t\t\t\t<div class=\"elementor-element elementor-element-58ab52e elementor-widget__width-initial elementor-widget elementor-widget-text-editor\" data-id=\"58ab52e\" data-element_type=\"widget\" data-e-type=\"widget\" data-widget_type=\"text-editor.default\">\n\t\t\t\t<div class=\"elementor-widget-container\">\n\t\t\t\t\t\t\t\t\t<h1 style=\"color:#1693e6; margin:0; font-size:42px;\">Over ons<\/h1>\t\t\t\t\t\t\t\t<\/div>\n\t\t\t\t<\/div>\n\t\t\t\t<div class=\"elementor-element elementor-element-9fd9e76 elementor-widget elementor-widget-spacer\" data-id=\"9fd9e76\" data-element_type=\"widget\" data-e-type=\"widget\" data-widget_type=\"spacer.default\">\n\t\t\t\t<div class=\"elementor-widget-container\">\n\t\t\t\t\t\t\t<div class=\"elementor-spacer\">\n\t\t\t<div class=\"elementor-spacer-inner\"><\/div>\n\t\t<\/div>\n\t\t\t\t\t\t<\/div>\n\t\t\t\t<\/div>\n\t\t\t\t<div class=\"elementor-element elementor-element-32255fc elementor-widget__width-initial elementor-widget elementor-widget-text-editor\" data-id=\"32255fc\" data-element_type=\"widget\" data-e-type=\"widget\" data-widget_type=\"text-editor.default\">\n\t\t\t\t<div class=\"elementor-widget-container\">\n\t\t\t\t\t\t\t\t\t<h3 data-section-id=\"ygualq\" data-start=\"426\" data-end=\"500\">De expertise van een specialist in optische vezels voor bijna 30 jaar<\/h3><p data-start=\"502\" data-end=\"703\">KitCiel is een merk ontwikkeld door <a href=\"http:\/\/www.metrac.be\" target=\"_blank\" rel=\"noopener\">Metrac Int SA<\/a>, een bedrijf dat al bijna <strong data-start=\"692\" data-end=\"702\">30 jaar<\/strong> gespecialiseerd is in decoratieve optische vezels.<\/p><p data-start=\"705\" data-end=\"889\">Sinds de oprichting ontwerpt en produceert Metrac <strong data-start=\"755\" data-end=\"829\">optische vezels voor binnenhuisarchitectuur<\/strong>, gebruikt in residenti\u00eble en professionele projecten.<\/p><p data-start=\"891\" data-end=\"1122\">Met KitCiel wilden we <strong data-start=\"938\" data-end=\"983\">optische vezels<\/strong> aanbieden die de sfeer van een sterrenhemel nabootsen, terwijl de kwaliteitsnormen van professionele installaties gehandhaafd blijven.<\/p><hr data-start=\"1124\" data-end=\"1127\"><h3 data-section-id=\"nbea9v\" data-start=\"1129\" data-end=\"1182\">Het sterrenplafond: een unieke verlichtingssfeer<\/h3><p data-start=\"1184\" data-end=\"1306\">Met een <strong data-start=\"1187\" data-end=\"1222\">optische vezels sterrenplafond<\/strong> kun je de sfeer van een nachtelijke sterrenhemel in je eigen huis nabootsen.<\/p><p data-start=\"1308\" data-end=\"1493\">Dankzij een LED generator en optische vezels die het licht door het plafond verspreiden, verschijnen er honderden lichtpunten die een meeslepende en elegante sfeer cre\u00ebren.<\/p><p data-start=\"1495\" data-end=\"1583\">Deze decoratieve verlichtingsoplossing wordt nu in veel ruimtes gebruikt:<\/p><p data-start=\"1585\" data-end=\"1803\">&#8211; priv\u00e9bioscoop<br data-start=\"1611\" data-end=\"1614\">&#8211; slaapkamers en master suites<br data-start=\"1645\" data-end=\"1648\">&#8211; lounges en ontspanningsruimtes<br data-start=\"1678\" data-end=\"1681\">&#8211; spa&#8217;s en wellnesscentra<br data-start=\"1711\" data-end=\"1714\">&#8211; hotels en restaurants<br data-start=\"1737\" data-end=\"1740\">&#8211; <span data-start=\"1742\" data-end=\"1801\">sterrenplafonds voor auto&#8217;s (automotive sterrenhemel)<\/span><\/p><p data-start=\"1805\" data-end=\"1911\">KitCiel kits maken het mogelijk om deze installaties uit te voeren met <strong data-start=\"1880\" data-end=\"1910\">betrouwbare, discrete en duurzame<\/strong> apparatuur.<\/p><hr data-start=\"1913\" data-end=\"1916\"><h3 data-section-id=\"o78axr\" data-start=\"1918\" data-end=\"1983\">Een realistische sterrenhemel dankzij verschillende vezeldiameters<\/h3><p data-start=\"1985\" data-end=\"2094\">Om een natuurlijke hemel na te bootsen, moeten de sterren <strong data-start=\"2048\" data-end=\"2093\">van verschillende grootte en intensiteit<\/strong> zijn.<\/p><p data-start=\"2096\" data-end=\"2192\">KitCiel kits gebruiken verschillende diameters optische vezels om deze diversiteit te cre\u00ebren.<\/p><p data-start=\"2194\" data-end=\"2284\"><strong data-start=\"2194\" data-end=\"2243\">4 vezeldiameters voor een natuurlijke look:<\/strong><br data-start=\"2243\" data-end=\"2246\"><strong data-start=\"2246\" data-end=\"2284\">0,5 mm &#8211; 0,75 mm &#8211; 1,0 mm &#8211; 2,0 mm<\/strong><\/p><p data-start=\"2286\" data-end=\"2426\">Deze combinatie zorgt voor een <strong data-start=\"2326\" data-end=\"2370\">levendigere en realistischere sterrenhemel<\/strong>, met sterren van verschillende grootte en helderheid.<\/p><hr data-start=\"2428\" data-end=\"2431\"><h3 data-section-id=\"7kxu3d\" data-start=\"2433\" data-end=\"2483\">Optische vezels van professionele kwaliteit<\/h3><p data-start=\"2485\" data-end=\"2581\">De kwaliteit van de optische vezels is een essentieel element in de prestaties van een sterrenplafond.<\/p><p data-start=\"2583\" data-end=\"2810\">In tegenstelling tot veel kits op de markt die generieke vezels gebruiken, maken de KitCiel-oplossingen gebruik van <strong data-start=\"2711\" data-end=\"2809\">professionele optische vezels die in Japan worden gemaakt door Mitsubishi<\/strong>.<\/p><p data-start=\"2812\" data-end=\"2861\">Deze vezels bieden superieure prestaties:<\/p><p data-start=\"2863\" data-end=\"2934\">\u2713 <strong data-start=\"2865\" data-end=\"2902\">Zeer lage lichtdemping<\/strong><br data-start=\"2902\" data-end=\"2905\">minder dan <strong data-start=\"2914\" data-end=\"2934\">0,2 dB per meter<\/strong><\/p><p data-start=\"2936\" data-end=\"3029\">\u2713 <strong data-start=\"2938\" data-end=\"2969\">Hoge mechanische sterkte<\/strong><br data-start=\"2969\" data-end=\"2972\">vezels blijven flexibel en worden niet broos<\/p><p data-start=\"3031\" data-end=\"3105\">\u2713 <strong data-start=\"3033\" data-end=\"3062\">Uitzonderlijke duurzaamheid<\/strong><br data-start=\"3062\" data-end=\"3065\">Vezels gegarandeerd voor <strong data-start=\"3095\" data-end=\"3105\">20 jaar<\/strong><\/p><p data-start=\"3107\" data-end=\"3258\">Deze kwaliteit resulteert in een <strong data-start=\"3141\" data-end=\"3202\">helderder, duurzamer en betrouwbaarder sterrenplafond<\/strong> dan kits met goedkope optische vezels.<\/p><hr data-start=\"3260\" data-end=\"3263\"><h3 data-section-id=\"il3r9r\" data-start=\"3265\" data-end=\"3335\">Kits ontworpen voor interieurontwerpers<\/h3><p data-start=\"3337\" data-end=\"3496\">KitCiel oplossingen zijn ontworpen voor <strong data-start=\"3381\" data-end=\"3495\">interieurprofessionals: architecten, decorateurs, installateurs en aannemers<\/strong>.<\/p><p data-start=\"3498\" data-end=\"3612\">Met onze kits is het eenvoudig om een <strong data-start=\"3543\" data-end=\"3578\">optische vezels sterrenplafond<\/strong> te integreren in verschillende soorten projecten.<\/p><p data-start=\"3614\" data-end=\"3771\">Dankzij hun modulaire ontwerp zijn KitCiel kits <strong data-start=\"309\" data-end=\"332\">eenvoudig te installeren<\/strong> en bieden ze <strong data-start=\"353\" data-end=\"402\">professionele verlichting van hoogwaardig niveau<\/strong>.<\/p><h3 data-section-id=\"1y2nbzh\" data-start=\"3895\" data-end=\"3939\">Expertise ten dienste van uw project<\/h3><p data-start=\"3941\" data-end=\"4106\">Dankzij de ervaring van Metrac Int SA op het gebied van optische vezels kunnen we onze klanten ondersteunen bij de uitvoering van hun projecten.<\/p><p data-start=\"4108\" data-end=\"4147\">Ons team kan je adviseren over :<\/p><p data-start=\"4149\" data-end=\"4259\">&#8211; de juiste set kiezen voor je ruimte<br data-start=\"4188\" data-end=\"4191\">&#8211; de gewenste dichtheid van sterren<br data-start=\"4223\" data-end=\"4226\">&#8211; de mogelijke verlichtingseffecten<\/p><p data-start=\"4261\" data-end=\"4387\">Ons doel is om <strong data-start=\"4306\" data-end=\"4342\">esthetische, betrouwbare en duurzame<\/strong> oplossingen te bieden voor het cre\u00ebren van unieke verlichtingsomgevingen.<\/p><hr data-start=\"4389\" data-end=\"4392\"><h3 data-section-id=\"1rgshcy\" data-start=\"4394\" data-end=\"4437\">Heb je een project voor een sterrenplafond?<\/h3><p data-start=\"4439\" data-end=\"4570\">Of je nu een <strong data-start=\"4454\" data-end=\"4497\">architect, installateur of particuliere klant<\/strong> bent, ons team kan je helpen je project te realiseren.<\/p><p data-start=\"320\" data-end=\"444\">Ontdek onze reeks <strong data-start=\"345\" data-end=\"382\">optische vezels sterrenhemelkits<\/strong> en verander je huis in een echte sterrenhemel.<\/p><p data-start=\"446\" data-end=\"540\">Voor een <strong data-start=\"454\" data-end=\"475\">project<\/strong> op maat adviseert ons team je graag.<\/p>\t\t\t\t\t\t\t\t<\/div>\n\t\t\t\t<\/div>\n\t\t\t\t<div class=\"elementor-element elementor-element-042b355 elementor-button-info elementor-widget elementor-widget-button\" data-id=\"042b355\" data-element_type=\"widget\" data-e-type=\"widget\" data-widget_type=\"button.default\">\n\t\t\t\t<div class=\"elementor-widget-container\">\n\t\t\t\t\t\t\t\t\t<div class=\"elementor-button-wrapper\">\n\t\t\t\t\t<a class=\"elementor-button elementor-button-link elementor-size-sm\" href=\"https:\/\/www.kitciel.com\/nl\/contact\/\">\n\t\t\t\t\t\t<span class=\"elementor-button-content-wrapper\">\n\t\t\t\t\t\t\t\t\t<span class=\"elementor-button-text\">Neem contact op<\/span>\n\t\t\t\t\t<\/span>\n\t\t\t\t\t<\/a>\n\t\t\t\t<\/div>\n\t\t\t\t\t\t\t\t<\/div>\n\t\t\t\t<\/div>\n\t\t\t\t\t<\/div>\r\n\t\t\t\t<\/div>\r\n\t\t\t\t\t<\/div>\r\n\t\t\t\t<\/section>\r\n\t\t\t\t<\/div>\n\t\t","protected":false},"excerpt":{"rendered":"<p>Over ons De expertise van een specialist in optische vezels voor bijna 30 jaar KitCiel is een merk ontwikkeld door Metrac Int SA, een bedrijf dat al bijna 30 jaar gespecialiseerd is in decoratieve optische vezels. Sinds de oprichting ontwerpt en produceert Metrac optische vezels voor binnenhuisarchitectuur, gebruikt in residenti\u00eble en professionele projecten. Met KitCiel [&hellip;]<\/p>\n","protected":false},"author":281,"featured_media":0,"parent":0,"menu_order":0,"comment_status":"closed","ping_status":"closed","template":"","meta":{"footnotes":""},"class_list":["post-7278","page","type-page","status-publish","hentry"],"yoast_head":"<!-- This site is optimized with the Yoast SEO plugin v27.5 - https:\/\/yoast.com\/product\/yoast-seo-wordpress\/ -->\n<title>Over ons - Kitciel.com - Expert en \u00c9clairage Fibre Optique et LED<\/title>\n<meta name=\"robots\" content=\"index, follow, max-snippet:-1, max-image-preview:large, max-video-preview:-1\" \/>\n<link rel=\"canonical\" href=\"https:\/\/www.kitciel.com\/nl\/a-propos-de-nous\/\" \/>\n<meta property=\"og:locale\" content=\"nl_NL\" \/>\n<meta property=\"og:type\" content=\"article\" \/>\n<meta property=\"og:title\" content=\"Over ons - Kitciel.com - Expert en \u00c9clairage Fibre Optique et LED\" \/>\n<meta property=\"og:description\" content=\"Over ons De expertise van een specialist in optische vezels voor bijna 30 jaar KitCiel is een merk ontwikkeld door Metrac Int SA, een bedrijf dat al bijna 30 jaar gespecialiseerd is in decoratieve optische vezels. Sinds de oprichting ontwerpt en produceert Metrac optische vezels voor binnenhuisarchitectuur, gebruikt in residenti\u00eble en professionele projecten. Met KitCiel [&hellip;]\" \/>\n<meta property=\"og:url\" content=\"https:\/\/www.kitciel.com\/nl\/a-propos-de-nous\/\" \/>\n<meta property=\"og:site_name\" content=\"Kitciel.com - Expert en \u00c9clairage Fibre Optique et LED\" \/>\n<meta property=\"article:publisher\" content=\"https:\/\/www.facebook.com\/kitfibre\" \/>\n<meta property=\"article:modified_time\" content=\"2026-04-17T21:18:01+00:00\" \/>\n<meta property=\"og:image\" content=\"https:\/\/www.kitciel.com\/wp-content\/uploads\/2021\/11\/Banner-ciel-etoile-fibre-optique-haut-de-gamme-1024x341-min.jpg\" \/>\n\t<meta property=\"og:image:width\" content=\"1024\" \/>\n\t<meta property=\"og:image:height\" content=\"341\" \/>\n\t<meta property=\"og:image:type\" content=\"image\/jpeg\" \/>\n<meta name=\"twitter:card\" content=\"summary_large_image\" \/>\n<meta name=\"twitter:label1\" content=\"Geschatte leestijd\" \/>\n\t<meta name=\"twitter:data1\" content=\"1 minuut\" \/>\n<script type=\"application\/ld+json\" class=\"yoast-schema-graph\">{\"@context\":\"https:\\\/\\\/schema.org\",\"@graph\":[{\"@type\":\"WebPage\",\"@id\":\"https:\\\/\\\/www.kitciel.com\\\/nl\\\/a-propos-de-nous\\\/\",\"url\":\"https:\\\/\\\/www.kitciel.com\\\/nl\\\/a-propos-de-nous\\\/\",\"name\":\"Over ons - Kitciel.com - Expert en \u00c9clairage Fibre Optique et LED\",\"isPartOf\":{\"@id\":\"https:\\\/\\\/www.kitciel.com\\\/nl\\\/#website\"},\"primaryImageOfPage\":{\"@id\":\"https:\\\/\\\/www.kitciel.com\\\/nl\\\/a-propos-de-nous\\\/#primaryimage\"},\"image\":{\"@id\":\"https:\\\/\\\/www.kitciel.com\\\/nl\\\/a-propos-de-nous\\\/#primaryimage\"},\"thumbnailUrl\":\"https:\\\/\\\/www.kitciel.com\\\/wp-content\\\/uploads\\\/2021\\\/11\\\/Banner-ciel-etoile-fibre-optique-haut-de-gamme-1024x341-min.jpg\",\"datePublished\":\"2021-02-19T17:51:11+00:00\",\"dateModified\":\"2026-04-17T21:18:01+00:00\",\"breadcrumb\":{\"@id\":\"https:\\\/\\\/www.kitciel.com\\\/nl\\\/a-propos-de-nous\\\/#breadcrumb\"},\"inLanguage\":\"nl-NL\",\"potentialAction\":[{\"@type\":\"ReadAction\",\"target\":[\"https:\\\/\\\/www.kitciel.com\\\/nl\\\/a-propos-de-nous\\\/\"]}]},{\"@type\":\"ImageObject\",\"inLanguage\":\"nl-NL\",\"@id\":\"https:\\\/\\\/www.kitciel.com\\\/nl\\\/a-propos-de-nous\\\/#primaryimage\",\"url\":\"https:\\\/\\\/www.kitciel.com\\\/wp-content\\\/uploads\\\/2021\\\/11\\\/Banner-ciel-etoile-fibre-optique-haut-de-gamme-1024x341-min.jpg\",\"contentUrl\":\"https:\\\/\\\/www.kitciel.com\\\/wp-content\\\/uploads\\\/2021\\\/11\\\/Banner-ciel-etoile-fibre-optique-haut-de-gamme-1024x341-min.jpg\"},{\"@type\":\"BreadcrumbList\",\"@id\":\"https:\\\/\\\/www.kitciel.com\\\/nl\\\/a-propos-de-nous\\\/#breadcrumb\",\"itemListElement\":[{\"@type\":\"ListItem\",\"position\":1,\"name\":\"Accueil\",\"item\":\"https:\\\/\\\/www.kitciel.com\\\/nl\\\/\"},{\"@type\":\"ListItem\",\"position\":2,\"name\":\"Over ons\"}]},{\"@type\":\"WebSite\",\"@id\":\"https:\\\/\\\/www.kitciel.com\\\/nl\\\/#website\",\"url\":\"https:\\\/\\\/www.kitciel.com\\\/nl\\\/\",\"name\":\"Kitciel.com - Expert en \u00c9clairage Fibre Optique et LED\",\"description\":\"\u00c9clairage LED et Fibre Optique pour Ciel \u00c9toil\u00e9\",\"publisher\":{\"@id\":\"https:\\\/\\\/www.kitciel.com\\\/nl\\\/#organization\"},\"potentialAction\":[{\"@type\":\"SearchAction\",\"target\":{\"@type\":\"EntryPoint\",\"urlTemplate\":\"https:\\\/\\\/www.kitciel.com\\\/nl\\\/?s={search_term_string}\"},\"query-input\":{\"@type\":\"PropertyValueSpecification\",\"valueRequired\":true,\"valueName\":\"search_term_string\"}}],\"inLanguage\":\"nl-NL\"},{\"@type\":\"Organization\",\"@id\":\"https:\\\/\\\/www.kitciel.com\\\/nl\\\/#organization\",\"name\":\"Kitciel.com\",\"url\":\"https:\\\/\\\/www.kitciel.com\\\/nl\\\/\",\"logo\":{\"@type\":\"ImageObject\",\"inLanguage\":\"nl-NL\",\"@id\":\"https:\\\/\\\/www.kitciel.com\\\/nl\\\/#\\\/schema\\\/logo\\\/image\\\/\",\"url\":\"https:\\\/\\\/www.kitciel.com\\\/wp-content\\\/uploads\\\/2020\\\/05\\\/Sans-titre-1-paiement-paypal.png\",\"contentUrl\":\"https:\\\/\\\/www.kitciel.com\\\/wp-content\\\/uploads\\\/2020\\\/05\\\/Sans-titre-1-paiement-paypal.png\",\"width\":150,\"height\":50,\"caption\":\"Kitciel.com\"},\"image\":{\"@id\":\"https:\\\/\\\/www.kitciel.com\\\/nl\\\/#\\\/schema\\\/logo\\\/image\\\/\"},\"sameAs\":[\"https:\\\/\\\/www.facebook.com\\\/kitfibre\",\"https:\\\/\\\/www.instagram.com\\\/kit.ciel\"]}]}<\/script>\n<!-- \/ Yoast SEO plugin. -->","yoast_head_json":{"title":"Over ons - Kitciel.com - Expert en \u00c9clairage Fibre Optique et LED","robots":{"index":"index","follow":"follow","max-snippet":"max-snippet:-1","max-image-preview":"max-image-preview:large","max-video-preview":"max-video-preview:-1"},"canonical":"https:\/\/www.kitciel.com\/nl\/a-propos-de-nous\/","og_locale":"nl_NL","og_type":"article","og_title":"Over ons - Kitciel.com - Expert en \u00c9clairage Fibre Optique et LED","og_description":"Over ons De expertise van een specialist in optische vezels voor bijna 30 jaar KitCiel is een merk ontwikkeld door Metrac Int SA, een bedrijf dat al bijna 30 jaar gespecialiseerd is in decoratieve optische vezels. Sinds de oprichting ontwerpt en produceert Metrac optische vezels voor binnenhuisarchitectuur, gebruikt in residenti\u00eble en professionele projecten. Met KitCiel [&hellip;]","og_url":"https:\/\/www.kitciel.com\/nl\/a-propos-de-nous\/","og_site_name":"Kitciel.com - Expert en \u00c9clairage Fibre Optique et LED","article_publisher":"https:\/\/www.facebook.com\/kitfibre","article_modified_time":"2026-04-17T21:18:01+00:00","og_image":[{"width":1024,"height":341,"url":"https:\/\/www.kitciel.com\/wp-content\/uploads\/2021\/11\/Banner-ciel-etoile-fibre-optique-haut-de-gamme-1024x341-min.jpg","type":"image\/jpeg"}],"twitter_card":"summary_large_image","twitter_misc":{"Geschatte leestijd":"1 minuut"},"schema":{"@context":"https:\/\/schema.org","@graph":[{"@type":"WebPage","@id":"https:\/\/www.kitciel.com\/nl\/a-propos-de-nous\/","url":"https:\/\/www.kitciel.com\/nl\/a-propos-de-nous\/","name":"Over ons - Kitciel.com - Expert en \u00c9clairage Fibre Optique et LED","isPartOf":{"@id":"https:\/\/www.kitciel.com\/nl\/#website"},"primaryImageOfPage":{"@id":"https:\/\/www.kitciel.com\/nl\/a-propos-de-nous\/#primaryimage"},"image":{"@id":"https:\/\/www.kitciel.com\/nl\/a-propos-de-nous\/#primaryimage"},"thumbnailUrl":"https:\/\/www.kitciel.com\/wp-content\/uploads\/2021\/11\/Banner-ciel-etoile-fibre-optique-haut-de-gamme-1024x341-min.jpg","datePublished":"2021-02-19T17:51:11+00:00","dateModified":"2026-04-17T21:18:01+00:00","breadcrumb":{"@id":"https:\/\/www.kitciel.com\/nl\/a-propos-de-nous\/#breadcrumb"},"inLanguage":"nl-NL","potentialAction":[{"@type":"ReadAction","target":["https:\/\/www.kitciel.com\/nl\/a-propos-de-nous\/"]}]},{"@type":"ImageObject","inLanguage":"nl-NL","@id":"https:\/\/www.kitciel.com\/nl\/a-propos-de-nous\/#primaryimage","url":"https:\/\/www.kitciel.com\/wp-content\/uploads\/2021\/11\/Banner-ciel-etoile-fibre-optique-haut-de-gamme-1024x341-min.jpg","contentUrl":"https:\/\/www.kitciel.com\/wp-content\/uploads\/2021\/11\/Banner-ciel-etoile-fibre-optique-haut-de-gamme-1024x341-min.jpg"},{"@type":"BreadcrumbList","@id":"https:\/\/www.kitciel.com\/nl\/a-propos-de-nous\/#breadcrumb","itemListElement":[{"@type":"ListItem","position":1,"name":"Accueil","item":"https:\/\/www.kitciel.com\/nl\/"},{"@type":"ListItem","position":2,"name":"Over ons"}]},{"@type":"WebSite","@id":"https:\/\/www.kitciel.com\/nl\/#website","url":"https:\/\/www.kitciel.com\/nl\/","name":"Kitciel.com - Expert en \u00c9clairage Fibre Optique et LED","description":"\u00c9clairage LED et Fibre Optique pour Ciel \u00c9toil\u00e9","publisher":{"@id":"https:\/\/www.kitciel.com\/nl\/#organization"},"potentialAction":[{"@type":"SearchAction","target":{"@type":"EntryPoint","urlTemplate":"https:\/\/www.kitciel.com\/nl\/?s={search_term_string}"},"query-input":{"@type":"PropertyValueSpecification","valueRequired":true,"valueName":"search_term_string"}}],"inLanguage":"nl-NL"},{"@type":"Organization","@id":"https:\/\/www.kitciel.com\/nl\/#organization","name":"Kitciel.com","url":"https:\/\/www.kitciel.com\/nl\/","logo":{"@type":"ImageObject","inLanguage":"nl-NL","@id":"https:\/\/www.kitciel.com\/nl\/#\/schema\/logo\/image\/","url":"https:\/\/www.kitciel.com\/wp-content\/uploads\/2020\/05\/Sans-titre-1-paiement-paypal.png","contentUrl":"https:\/\/www.kitciel.com\/wp-content\/uploads\/2020\/05\/Sans-titre-1-paiement-paypal.png","width":150,"height":50,"caption":"Kitciel.com"},"image":{"@id":"https:\/\/www.kitciel.com\/nl\/#\/schema\/logo\/image\/"},"sameAs":["https:\/\/www.facebook.com\/kitfibre","https:\/\/www.instagram.com\/kit.ciel"]}]}},"_links":{"self":[{"href":"https:\/\/www.kitciel.com\/nl\/wp-json\/wp\/v2\/pages\/7278","targetHints":{"allow":["GET"]}}],"collection":[{"href":"https:\/\/www.kitciel.com\/nl\/wp-json\/wp\/v2\/pages"}],"about":[{"href":"https:\/\/www.kitciel.com\/nl\/wp-json\/wp\/v2\/types\/page"}],"author":[{"embeddable":true,"href":"https:\/\/www.kitciel.com\/nl\/wp-json\/wp\/v2\/users\/281"}],"replies":[{"embeddable":true,"href":"https:\/\/www.kitciel.com\/nl\/wp-json\/wp\/v2\/comments?post=7278"}],"version-history":[{"count":4,"href":"https:\/\/www.kitciel.com\/nl\/wp-json\/wp\/v2\/pages\/7278\/revisions"}],"predecessor-version":[{"id":16973,"href":"https:\/\/www.kitciel.com\/nl\/wp-json\/wp\/v2\/pages\/7278\/revisions\/16973"}],"wp:attachment":[{"href":"https:\/\/www.kitciel.com\/nl\/wp-json\/wp\/v2\/media?parent=7278"}],"curies":[{"name":"wp","href":"https:\/\/api.w.org\/{rel}","templated":true}]}}