{"id":9052,"date":"2020-07-01T19:40:07","date_gmt":"2020-07-01T17:40:07","guid":{"rendered":"https:\/\/www.kitciel.com\/product\/minilens-o3mm\/"},"modified":"2026-04-17T23:19:07","modified_gmt":"2026-04-17T21:19:07","slug":"minilens-o3mm","status":"publish","type":"product","link":"https:\/\/www.kitciel.com\/en\/produit\/minilens-o3mm\/","title":{"rendered":"Minilens \u00d83mm"},"content":{"rendered":"<p>The minilens attaches to the end of the optical fiber to enlarge the size of the star to \u00d83mm. Useful for creating constellations. Protect the fibers and \/ or make them more conspicuous in a humid environment such as in a hammam or sauna.<\/p>\n","protected":false},"excerpt":{"rendered":"<p>Create bigger stars with this \u00d83mm acrylic tip for \u00d80.75mm optical fiber<\/p>\n","protected":false},"featured_media":7547,"comment_status":"closed","ping_status":"closed","template":"","meta":[],"product_brand":[],"product_cat":[295],"product_tag":[],"class_list":{"0":"post-9052","1":"product","2":"type-product","3":"status-publish","4":"has-post-thumbnail","6":"product_cat-accessories","8":"first","9":"instock","10":"taxable","11":"shipping-taxable","12":"purchasable","13":"product-type-variable","14":"has-default-attributes"},"yoast_head":"<!-- This site is optimized with the Yoast SEO plugin v27.5 - https:\/\/yoast.com\/product\/yoast-seo-wordpress\/ -->\n<title>Minilens \u00d83mm - Kitciel.com - Expert en \u00c9clairage Fibre Optique et LED<\/title>\n<meta name=\"description\" content=\"The minilens attaches to the end of the optical fiber to enlarge the size of the star to \u00d83mm. Useful for creating constellations.\" \/>\n<meta name=\"robots\" content=\"index, follow, max-snippet:-1, max-image-preview:large, max-video-preview:-1\" \/>\n<link rel=\"canonical\" href=\"https:\/\/www.kitciel.com\/en\/produit\/minilens-o3mm\/\" \/>\n<meta property=\"og:locale\" content=\"en_US\" \/>\n<meta property=\"og:type\" content=\"article\" \/>\n<meta property=\"og:title\" content=\"Minilens \u00d83mm - Kitciel.com - Expert en \u00c9clairage Fibre Optique et LED\" \/>\n<meta property=\"og:description\" content=\"The minilens attaches to the end of the optical fiber to enlarge the size of the star to \u00d83mm. Useful for creating constellations.\" \/>\n<meta property=\"og:url\" content=\"https:\/\/www.kitciel.com\/en\/produit\/minilens-o3mm\/\" \/>\n<meta property=\"og:site_name\" content=\"Kitciel.com - Expert en \u00c9clairage Fibre Optique et LED\" \/>\n<meta property=\"article:publisher\" content=\"https:\/\/www.facebook.com\/kitfibre\" \/>\n<meta property=\"article:modified_time\" content=\"2026-04-17T21:19:07+00:00\" \/>\n<meta property=\"og:image\" content=\"https:\/\/www.kitciel.com\/wp-content\/uploads\/2020\/07\/acrylic-mini-lens.jpg\" \/>\n\t<meta property=\"og:image:width\" content=\"335\" \/>\n\t<meta property=\"og:image:height\" content=\"335\" \/>\n\t<meta property=\"og:image:type\" content=\"image\/jpeg\" \/>\n<meta name=\"twitter:card\" content=\"summary_large_image\" \/>\n<script type=\"application\/ld+json\" class=\"yoast-schema-graph\">{\"@context\":\"https:\\\/\\\/schema.org\",\"@graph\":[{\"@type\":\"WebPage\",\"@id\":\"https:\\\/\\\/www.kitciel.com\\\/en\\\/produit\\\/minilens-o3mm\\\/\",\"url\":\"https:\\\/\\\/www.kitciel.com\\\/en\\\/produit\\\/minilens-o3mm\\\/\",\"name\":\"Minilens \u00d83mm - Kitciel.com - Expert en \u00c9clairage Fibre Optique et LED\",\"isPartOf\":{\"@id\":\"https:\\\/\\\/www.kitciel.com\\\/en\\\/#website\"},\"primaryImageOfPage\":{\"@id\":\"https:\\\/\\\/www.kitciel.com\\\/en\\\/produit\\\/minilens-o3mm\\\/#primaryimage\"},\"image\":{\"@id\":\"https:\\\/\\\/www.kitciel.com\\\/en\\\/produit\\\/minilens-o3mm\\\/#primaryimage\"},\"thumbnailUrl\":\"https:\\\/\\\/www.kitciel.com\\\/wp-content\\\/uploads\\\/2020\\\/07\\\/acrylic-mini-lens.jpg\",\"datePublished\":\"2020-07-01T17:40:07+00:00\",\"dateModified\":\"2026-04-17T21:19:07+00:00\",\"description\":\"The minilens attaches to the end of the optical fiber to enlarge the size of the star to \u00d83mm. Useful for creating constellations.\",\"breadcrumb\":{\"@id\":\"https:\\\/\\\/www.kitciel.com\\\/en\\\/produit\\\/minilens-o3mm\\\/#breadcrumb\"},\"inLanguage\":\"en-US\",\"potentialAction\":[{\"@type\":\"ReadAction\",\"target\":[\"https:\\\/\\\/www.kitciel.com\\\/en\\\/produit\\\/minilens-o3mm\\\/\"]}]},{\"@type\":\"ImageObject\",\"inLanguage\":\"en-US\",\"@id\":\"https:\\\/\\\/www.kitciel.com\\\/en\\\/produit\\\/minilens-o3mm\\\/#primaryimage\",\"url\":\"https:\\\/\\\/www.kitciel.com\\\/wp-content\\\/uploads\\\/2020\\\/07\\\/acrylic-mini-lens.jpg\",\"contentUrl\":\"https:\\\/\\\/www.kitciel.com\\\/wp-content\\\/uploads\\\/2020\\\/07\\\/acrylic-mini-lens.jpg\",\"width\":335,\"height\":335,\"caption\":\"minilens \u00d83mm for fiber optic light\"},{\"@type\":\"BreadcrumbList\",\"@id\":\"https:\\\/\\\/www.kitciel.com\\\/en\\\/produit\\\/minilens-o3mm\\\/#breadcrumb\",\"itemListElement\":[{\"@type\":\"ListItem\",\"position\":1,\"name\":\"Accueil\",\"item\":\"https:\\\/\\\/www.kitciel.com\\\/en\\\/\"},{\"@type\":\"ListItem\",\"position\":2,\"name\":\"Shop\",\"item\":\"https:\\\/\\\/www.kitciel.com\\\/en\\\/shop\\\/\"},{\"@type\":\"ListItem\",\"position\":3,\"name\":\"Minilens \u00d83mm\"}]},{\"@type\":\"WebSite\",\"@id\":\"https:\\\/\\\/www.kitciel.com\\\/en\\\/#website\",\"url\":\"https:\\\/\\\/www.kitciel.com\\\/en\\\/\",\"name\":\"Kitciel.com - Expert en \u00c9clairage Fibre Optique et LED\",\"description\":\"\u00c9clairage LED et Fibre Optique pour Ciel \u00c9toil\u00e9\",\"publisher\":{\"@id\":\"https:\\\/\\\/www.kitciel.com\\\/en\\\/#organization\"},\"potentialAction\":[{\"@type\":\"SearchAction\",\"target\":{\"@type\":\"EntryPoint\",\"urlTemplate\":\"https:\\\/\\\/www.kitciel.com\\\/en\\\/?s={search_term_string}\"},\"query-input\":{\"@type\":\"PropertyValueSpecification\",\"valueRequired\":true,\"valueName\":\"search_term_string\"}}],\"inLanguage\":\"en-US\"},{\"@type\":\"Organization\",\"@id\":\"https:\\\/\\\/www.kitciel.com\\\/en\\\/#organization\",\"name\":\"Kitciel.com\",\"url\":\"https:\\\/\\\/www.kitciel.com\\\/en\\\/\",\"logo\":{\"@type\":\"ImageObject\",\"inLanguage\":\"en-US\",\"@id\":\"https:\\\/\\\/www.kitciel.com\\\/en\\\/#\\\/schema\\\/logo\\\/image\\\/\",\"url\":\"https:\\\/\\\/www.kitciel.com\\\/wp-content\\\/uploads\\\/2020\\\/05\\\/Sans-titre-1-paiement-paypal.png\",\"contentUrl\":\"https:\\\/\\\/www.kitciel.com\\\/wp-content\\\/uploads\\\/2020\\\/05\\\/Sans-titre-1-paiement-paypal.png\",\"width\":150,\"height\":50,\"caption\":\"Kitciel.com\"},\"image\":{\"@id\":\"https:\\\/\\\/www.kitciel.com\\\/en\\\/#\\\/schema\\\/logo\\\/image\\\/\"},\"sameAs\":[\"https:\\\/\\\/www.facebook.com\\\/kitfibre\",\"https:\\\/\\\/www.instagram.com\\\/kit.ciel\"]}]}<\/script>\n<!-- \/ Yoast SEO plugin. -->","yoast_head_json":{"title":"Minilens \u00d83mm - Kitciel.com - Expert en \u00c9clairage Fibre Optique et LED","description":"The minilens attaches to the end of the optical fiber to enlarge the size of the star to \u00d83mm. Useful for creating constellations.","robots":{"index":"index","follow":"follow","max-snippet":"max-snippet:-1","max-image-preview":"max-image-preview:large","max-video-preview":"max-video-preview:-1"},"canonical":"https:\/\/www.kitciel.com\/en\/produit\/minilens-o3mm\/","og_locale":"en_US","og_type":"article","og_title":"Minilens \u00d83mm - Kitciel.com - Expert en \u00c9clairage Fibre Optique et LED","og_description":"The minilens attaches to the end of the optical fiber to enlarge the size of the star to \u00d83mm. Useful for creating constellations.","og_url":"https:\/\/www.kitciel.com\/en\/produit\/minilens-o3mm\/","og_site_name":"Kitciel.com - Expert en \u00c9clairage Fibre Optique et LED","article_publisher":"https:\/\/www.facebook.com\/kitfibre","article_modified_time":"2026-04-17T21:19:07+00:00","og_image":[{"width":335,"height":335,"url":"https:\/\/www.kitciel.com\/wp-content\/uploads\/2020\/07\/acrylic-mini-lens.jpg","type":"image\/jpeg"}],"twitter_card":"summary_large_image","schema":{"@context":"https:\/\/schema.org","@graph":[{"@type":"WebPage","@id":"https:\/\/www.kitciel.com\/en\/produit\/minilens-o3mm\/","url":"https:\/\/www.kitciel.com\/en\/produit\/minilens-o3mm\/","name":"Minilens \u00d83mm - Kitciel.com - Expert en \u00c9clairage Fibre Optique et LED","isPartOf":{"@id":"https:\/\/www.kitciel.com\/en\/#website"},"primaryImageOfPage":{"@id":"https:\/\/www.kitciel.com\/en\/produit\/minilens-o3mm\/#primaryimage"},"image":{"@id":"https:\/\/www.kitciel.com\/en\/produit\/minilens-o3mm\/#primaryimage"},"thumbnailUrl":"https:\/\/www.kitciel.com\/wp-content\/uploads\/2020\/07\/acrylic-mini-lens.jpg","datePublished":"2020-07-01T17:40:07+00:00","dateModified":"2026-04-17T21:19:07+00:00","description":"The minilens attaches to the end of the optical fiber to enlarge the size of the star to \u00d83mm. Useful for creating constellations.","breadcrumb":{"@id":"https:\/\/www.kitciel.com\/en\/produit\/minilens-o3mm\/#breadcrumb"},"inLanguage":"en-US","potentialAction":[{"@type":"ReadAction","target":["https:\/\/www.kitciel.com\/en\/produit\/minilens-o3mm\/"]}]},{"@type":"ImageObject","inLanguage":"en-US","@id":"https:\/\/www.kitciel.com\/en\/produit\/minilens-o3mm\/#primaryimage","url":"https:\/\/www.kitciel.com\/wp-content\/uploads\/2020\/07\/acrylic-mini-lens.jpg","contentUrl":"https:\/\/www.kitciel.com\/wp-content\/uploads\/2020\/07\/acrylic-mini-lens.jpg","width":335,"height":335,"caption":"minilens \u00d83mm for fiber optic light"},{"@type":"BreadcrumbList","@id":"https:\/\/www.kitciel.com\/en\/produit\/minilens-o3mm\/#breadcrumb","itemListElement":[{"@type":"ListItem","position":1,"name":"Accueil","item":"https:\/\/www.kitciel.com\/en\/"},{"@type":"ListItem","position":2,"name":"Shop","item":"https:\/\/www.kitciel.com\/en\/shop\/"},{"@type":"ListItem","position":3,"name":"Minilens \u00d83mm"}]},{"@type":"WebSite","@id":"https:\/\/www.kitciel.com\/en\/#website","url":"https:\/\/www.kitciel.com\/en\/","name":"Kitciel.com - Expert en \u00c9clairage Fibre Optique et LED","description":"\u00c9clairage LED et Fibre Optique pour Ciel \u00c9toil\u00e9","publisher":{"@id":"https:\/\/www.kitciel.com\/en\/#organization"},"potentialAction":[{"@type":"SearchAction","target":{"@type":"EntryPoint","urlTemplate":"https:\/\/www.kitciel.com\/en\/?s={search_term_string}"},"query-input":{"@type":"PropertyValueSpecification","valueRequired":true,"valueName":"search_term_string"}}],"inLanguage":"en-US"},{"@type":"Organization","@id":"https:\/\/www.kitciel.com\/en\/#organization","name":"Kitciel.com","url":"https:\/\/www.kitciel.com\/en\/","logo":{"@type":"ImageObject","inLanguage":"en-US","@id":"https:\/\/www.kitciel.com\/en\/#\/schema\/logo\/image\/","url":"https:\/\/www.kitciel.com\/wp-content\/uploads\/2020\/05\/Sans-titre-1-paiement-paypal.png","contentUrl":"https:\/\/www.kitciel.com\/wp-content\/uploads\/2020\/05\/Sans-titre-1-paiement-paypal.png","width":150,"height":50,"caption":"Kitciel.com"},"image":{"@id":"https:\/\/www.kitciel.com\/en\/#\/schema\/logo\/image\/"},"sameAs":["https:\/\/www.facebook.com\/kitfibre","https:\/\/www.instagram.com\/kit.ciel"]}]}},"_links":{"self":[{"href":"https:\/\/www.kitciel.com\/en\/wp-json\/wp\/v2\/product\/9052","targetHints":{"allow":["GET"]}}],"collection":[{"href":"https:\/\/www.kitciel.com\/en\/wp-json\/wp\/v2\/product"}],"about":[{"href":"https:\/\/www.kitciel.com\/en\/wp-json\/wp\/v2\/types\/product"}],"replies":[{"embeddable":true,"href":"https:\/\/www.kitciel.com\/en\/wp-json\/wp\/v2\/comments?post=9052"}],"version-history":[{"count":1,"href":"https:\/\/www.kitciel.com\/en\/wp-json\/wp\/v2\/product\/9052\/revisions"}],"predecessor-version":[{"id":11665,"href":"https:\/\/www.kitciel.com\/en\/wp-json\/wp\/v2\/product\/9052\/revisions\/11665"}],"wp:featuredmedia":[{"embeddable":true,"href":"https:\/\/www.kitciel.com\/en\/wp-json\/wp\/v2\/media\/7547"}],"wp:attachment":[{"href":"https:\/\/www.kitciel.com\/en\/wp-json\/wp\/v2\/media?parent=9052"}],"wp:term":[{"taxonomy":"product_brand","embeddable":true,"href":"https:\/\/www.kitciel.com\/en\/wp-json\/wp\/v2\/product_brand?post=9052"},{"taxonomy":"product_cat","embeddable":true,"href":"https:\/\/www.kitciel.com\/en\/wp-json\/wp\/v2\/product_cat?post=9052"},{"taxonomy":"product_tag","embeddable":true,"href":"https:\/\/www.kitciel.com\/en\/wp-json\/wp\/v2\/product_tag?post=9052"}],"curies":[{"name":"wp","href":"https:\/\/api.w.org\/{rel}","templated":true}]}}