{"id":7279,"date":"2021-02-19T19:51:11","date_gmt":"2021-02-19T17:51:11","guid":{"rendered":"https:\/\/www.kitciel.com\/a-propos-de-nous\/"},"modified":"2026-04-17T23:18:01","modified_gmt":"2026-04-17T21:18:01","slug":"a-propos-de-nous","status":"publish","type":"page","link":"https:\/\/www.kitciel.com\/en\/a-propos-de-nous\/","title":{"rendered":"About us"},"content":{"rendered":"\t\t<div data-elementor-type=\"wp-page\" data-elementor-id=\"7279\" class=\"elementor elementor-7279 elementor-4385\" data-elementor-post-type=\"page\">\n\t\t\t\t\t\t<section class=\"elementor-section elementor-top-section elementor-element elementor-element-4ab6a7f elementor-section-boxed elementor-section-height-default elementor-section-height-default\" data-id=\"4ab6a7f\" data-element_type=\"section\" data-e-type=\"section\">\r\n\t\t\r\n\t\t\t\t\t\t\t<div class=\"elementor-container elementor-column-gap-default\">\r\n\t\t\t\t\t\t\t\t\t\t\t<div class=\"elementor-column elementor-col-100 elementor-top-column elementor-element elementor-element-a80cf7a\" data-id=\"a80cf7a\" data-element_type=\"column\" data-e-type=\"column\">\r\n\t\t\t\t\t<div class=\"elementor-widget-wrap\">\r\n\t\t\t\t\t\t\t\t\t<\/div>\r\n\t\t\t\t<\/div>\r\n\t\t\t\t\t<\/div>\r\n\t\t\t\t<\/section>\r\n\t\t\t\t<section class=\"elementor-section elementor-top-section elementor-element elementor-element-3afbf8a elementor-section-boxed elementor-section-height-default elementor-section-height-default\" data-id=\"3afbf8a\" data-element_type=\"section\" data-e-type=\"section\">\r\n\t\t\r\n\t\t\t\t\t\t\t<div class=\"elementor-container elementor-column-gap-default\">\r\n\t\t\t\t\t\t\t\t\t\t\t<div class=\"elementor-column elementor-col-100 elementor-top-column elementor-element elementor-element-5d69e14\" data-id=\"5d69e14\" data-element_type=\"column\" data-e-type=\"column\">\r\n\t\t\t\t\t<div class=\"elementor-widget-wrap elementor-element-populated\">\r\n\t\t\t\t\t\t\t\t<div class=\"elementor-element elementor-element-756260ac elementor-widget elementor-widget-image\" data-id=\"756260ac\" data-element_type=\"widget\" data-e-type=\"widget\" data-widget_type=\"image.default\">\n\t\t\t\t<div class=\"elementor-widget-container\">\n\t\t\t\t\t\t\t\t\t\t\t\t\t\t\t<img fetchpriority=\"high\" decoding=\"async\" width=\"1024\" height=\"341\" src=\"https:\/\/www.kitciel.com\/wp-content\/uploads\/2021\/11\/Banner-ciel-etoile-fibre-optique-haut-de-gamme-1024x341-min.jpg\" class=\"attachment-full size-full wp-image-10148\" alt=\"\" srcset=\"https:\/\/www.kitciel.com\/wp-content\/uploads\/2021\/11\/Banner-ciel-etoile-fibre-optique-haut-de-gamme-1024x341-min.jpg 1024w, https:\/\/www.kitciel.com\/wp-content\/uploads\/2021\/11\/Banner-ciel-etoile-fibre-optique-haut-de-gamme-1024x341-min-768x256.jpg 768w, https:\/\/www.kitciel.com\/wp-content\/uploads\/2021\/11\/Banner-ciel-etoile-fibre-optique-haut-de-gamme-1024x341-min-600x200.jpg 600w, https:\/\/www.kitciel.com\/wp-content\/uploads\/2021\/11\/Banner-ciel-etoile-fibre-optique-haut-de-gamme-1024x341-min-640x213.jpg 640w, https:\/\/www.kitciel.com\/wp-content\/uploads\/2021\/11\/Banner-ciel-etoile-fibre-optique-haut-de-gamme-1024x341-min-400x133.jpg 400w\" sizes=\"(max-width: 1024px) 100vw, 1024px\" \/>\t\t\t\t\t\t\t\t\t\t\t\t\t\t\t<\/div>\n\t\t\t\t<\/div>\n\t\t\t\t<div class=\"elementor-element elementor-element-58ab52e elementor-widget__width-initial elementor-widget elementor-widget-text-editor\" data-id=\"58ab52e\" data-element_type=\"widget\" data-e-type=\"widget\" data-widget_type=\"text-editor.default\">\n\t\t\t\t<div class=\"elementor-widget-container\">\n\t\t\t\t\t\t\t\t\t<h1 style=\"color:#1693e6; margin:0; font-size:42px;\">About Us<\/h1>\t\t\t\t\t\t\t\t<\/div>\n\t\t\t\t<\/div>\n\t\t\t\t<div class=\"elementor-element elementor-element-9fd9e76 elementor-widget elementor-widget-spacer\" data-id=\"9fd9e76\" data-element_type=\"widget\" data-e-type=\"widget\" data-widget_type=\"spacer.default\">\n\t\t\t\t<div class=\"elementor-widget-container\">\n\t\t\t\t\t\t\t<div class=\"elementor-spacer\">\n\t\t\t<div class=\"elementor-spacer-inner\"><\/div>\n\t\t<\/div>\n\t\t\t\t\t\t<\/div>\n\t\t\t\t<\/div>\n\t\t\t\t<div class=\"elementor-element elementor-element-32255fc elementor-widget__width-initial elementor-widget elementor-widget-text-editor\" data-id=\"32255fc\" data-element_type=\"widget\" data-e-type=\"widget\" data-widget_type=\"text-editor.default\">\n\t\t\t\t<div class=\"elementor-widget-container\">\n\t\t\t\t\t\t\t\t\t<h3 data-section-id=\"ygualq\" data-start=\"426\" data-end=\"500\">The expertise of a specialist in optical fibres for nearly 30 years<\/h3><p data-start=\"502\" data-end=\"703\">KitCiel is a brand developed by <a href=\"http:\/\/www.metrac.be\" target=\"_blank\" rel=\"noopener\">Metrac Int SA<\/a>, a company that has specialized in decorative optical fibres lighting for almost <strong data-start=\"692\" data-end=\"702\">30 years<\/strong>.<\/p><p data-start=\"705\" data-end=\"889\">Since its creation, Metrac has been designing and producing <strong data-start=\"755\" data-end=\"829\">optical fibres lighting solutions for interior architecture<\/strong>, used in residential and professional projects.<\/p><p data-start=\"891\" data-end=\"1122\">With KitCiel, we wanted to offer <strong data-start=\"938\" data-end=\"983\">starry sky sets in optical fibres<\/strong> that would recreate the atmosphere of a starry sky, while maintaining the quality standards of professional installations.<\/p><hr data-start=\"1124\" data-end=\"1127\"><h3 data-section-id=\"nbea9v\" data-start=\"1129\" data-end=\"1182\">The starry ceiling: a unique lighting ambience<\/h3><p data-start=\"1184\" data-end=\"1306\">An <strong data-start=\"1187\" data-end=\"1222\">optical fibres starry ceiling<\/strong> lets you recreate the atmosphere of a night sky right in your home.<\/p><p data-start=\"1308\" data-end=\"1493\">Thanks to an LED generator and optical fibres diffusing light through the ceiling, hundreds of points of light appear, creating an immersive, elegant ambience.<\/p><p data-start=\"1495\" data-end=\"1583\">This decorative lighting solution is now used in a wide range of spaces:<\/p><p data-start=\"1585\" data-end=\"1803\">&#8211; private movie theaters<br data-start=\"1611\" data-end=\"1614\">&#8211; master bedrooms and suites<br data-start=\"1645\" data-end=\"1648\">&#8211; lounges and relaxation areas<br data-start=\"1678\" data-end=\"1681\">&#8211; spas and wellness centers<br data-start=\"1711\" data-end=\"1714\">&#8211; hotels and restaurants<br data-start=\"1737\" data-end=\"1740\">&#8211; <span data-start=\"1742\" data-end=\"1801\">starry ceilings for cars (automotive starry sky)<\/span><\/p><p data-start=\"1805\" data-end=\"1911\">KitCiel kits make it possible to carry out these installations with <strong data-start=\"1880\" data-end=\"1910\">reliable, discreet and durable<\/strong> equipment.<\/p><hr data-start=\"1913\" data-end=\"1916\"><h3 data-section-id=\"o78axr\" data-start=\"1918\" data-end=\"1983\">Realistic starry sky thanks to multiple fiber diameters<\/h3><p data-start=\"1985\" data-end=\"2094\">To reproduce a natural sky, the stars must be <strong data-start=\"2048\" data-end=\"2093\">of different sizes and intensities<\/strong>.<\/p><p data-start=\"2096\" data-end=\"2192\">KitCiel kits use different diameters of optical fibres to create this diversity.<\/p><p data-start=\"2194\" data-end=\"2284\"><strong data-start=\"2194\" data-end=\"2243\">4 fiber diameters for a natural look:<\/strong><br data-start=\"2243\" data-end=\"2246\"><strong data-start=\"2246\" data-end=\"2284\">0.5 mm &#8211; 0.75 mm &#8211; 1.0 mm &#8211; 2.0 mm<\/strong><\/p><p data-start=\"2286\" data-end=\"2426\">This combination makes for a <strong data-start=\"2326\" data-end=\"2370\">livelier, more realistic starry sky<\/strong>, with stars of varying sizes and brightness.<\/p><hr data-start=\"2428\" data-end=\"2431\"><h3 data-section-id=\"7kxu3d\" data-start=\"2433\" data-end=\"2483\">Professional-quality optical fibres<\/h3><p data-start=\"2485\" data-end=\"2581\">The quality of the optical fibres is essential to the performance of a starry ceiling.<\/p><p data-start=\"2583\" data-end=\"2810\">Unlike many kits on the market that use generic optical fibres, KitCiel solutions use <strong data-start=\"2711\" data-end=\"2809\">professional optical fibres manufactured in Japan by Mitsubishi<\/strong>.<\/p><p data-start=\"2812\" data-end=\"2861\">These fibers offer superior performance:<\/p><p data-start=\"2863\" data-end=\"2934\">\u2713 <strong data-start=\"2865\" data-end=\"2902\">Very low attenuation<\/strong><br data-start=\"2902\" data-end=\"2905\">less than <strong data-start=\"2914\" data-end=\"2934\">0.2 dB per meter<\/strong><\/p><p data-start=\"2936\" data-end=\"3029\">\u2713 <strong data-start=\"2938\" data-end=\"2969\">High mechanical strength<\/strong><br data-start=\"2969\" data-end=\"2972\">fibers remain flexible and do not become brittle<\/p><p data-start=\"3031\" data-end=\"3105\">\u2713 <strong data-start=\"3033\" data-end=\"3062\">Exceptional durability<\/strong><br data-start=\"3062\" data-end=\"3065\">Fibers guaranteed <strong data-start=\"3095\" data-end=\"3105\">20 years<\/strong><\/p><p data-start=\"3107\" data-end=\"3258\">The result is a <strong data-start=\"3141\" data-end=\"3202\">starry ceiling<\/strong> that&#8217;s <strong data-start=\"3141\" data-end=\"3202\">brighter, longer-lasting and more reliable<\/strong> than kits using low-cost optical fibres.<\/p><hr data-start=\"3260\" data-end=\"3263\"><h3 data-section-id=\"il3r9r\" data-start=\"3265\" data-end=\"3335\">Kits designed for interior design professionals<\/h3><p data-start=\"3337\" data-end=\"3496\">KitCiel solutions are designed for <strong data-start=\"3381\" data-end=\"3495\">interior design professionals: architects, decorators, installers and building contractors<\/strong>.<\/p><p data-start=\"3498\" data-end=\"3612\">Our kits make it easy to integrate an <strong data-start=\"3543\" data-end=\"3578\">optical fibres starry ceiling<\/strong> into different types of project.<\/p><p data-start=\"3614\" data-end=\"3771\">Thanks to their modular design, KitCiel kits are <strong data-start=\"309\" data-end=\"332\">easy to install<\/strong>, yet offer <strong data-start=\"353\" data-end=\"402\">professional, premium lighting performance<\/strong>.<\/p><h3 data-section-id=\"1y2nbzh\" data-start=\"3895\" data-end=\"3939\">Expertise at the service of your project<\/h3><p data-start=\"3941\" data-end=\"4106\">Metrac Int SA&#8217;s experience in the field of optical fibres enables us to support our customers in the realization of their projects.<\/p><p data-start=\"4108\" data-end=\"4147\">Our team can advise you on :<\/p><p data-start=\"4149\" data-end=\"4259\">&#8211; choosing the right kit for your space<br data-start=\"4188\" data-end=\"4191\">&#8211; desired star density<br data-start=\"4223\" data-end=\"4226\">&#8211; possible lighting effects<\/p><p data-start=\"4261\" data-end=\"4387\">Our aim is to offer <strong data-start=\"4306\" data-end=\"4342\">aesthetic, reliable and durable<\/strong> solutions for creating unique lighting atmospheres.<\/p><hr data-start=\"4389\" data-end=\"4392\"><h3 data-section-id=\"1rgshcy\" data-start=\"4394\" data-end=\"4437\">Do you have a starry ceiling project in mind?<\/h3><p data-start=\"4439\" data-end=\"4570\">Whether you&#8217;re an <strong data-start=\"4454\" data-end=\"4497\">architect, installer or private customer<\/strong>, our team can help you realize your project.<\/p><p data-start=\"320\" data-end=\"444\">Discover our range of <strong data-start=\"345\" data-end=\"382\">optical fibres starry sky sets<\/strong> and transform your home into a real starry sky.<\/p><p data-start=\"446\" data-end=\"540\">For a <strong data-start=\"454\" data-end=\"475\">customized project<\/strong>, our team will be happy to advise you.<\/p>\t\t\t\t\t\t\t\t<\/div>\n\t\t\t\t<\/div>\n\t\t\t\t<div class=\"elementor-element elementor-element-042b355 elementor-button-info elementor-widget elementor-widget-button\" data-id=\"042b355\" data-element_type=\"widget\" data-e-type=\"widget\" data-widget_type=\"button.default\">\n\t\t\t\t<div class=\"elementor-widget-container\">\n\t\t\t\t\t\t\t\t\t<div class=\"elementor-button-wrapper\">\n\t\t\t\t\t<a class=\"elementor-button elementor-button-link elementor-size-sm\" href=\"https:\/\/www.kitciel.com\/en\/contact\/\">\n\t\t\t\t\t\t<span class=\"elementor-button-content-wrapper\">\n\t\t\t\t\t\t\t\t\t<span class=\"elementor-button-text\">Contact us<\/span>\n\t\t\t\t\t<\/span>\n\t\t\t\t\t<\/a>\n\t\t\t\t<\/div>\n\t\t\t\t\t\t\t\t<\/div>\n\t\t\t\t<\/div>\n\t\t\t\t\t<\/div>\r\n\t\t\t\t<\/div>\r\n\t\t\t\t\t<\/div>\r\n\t\t\t\t<\/section>\r\n\t\t\t\t<\/div>\n\t\t","protected":false},"excerpt":{"rendered":"<p>About Us The expertise of a specialist in optical fibres for nearly 30 years KitCiel is a brand developed by Metrac Int SA, a company that has specialized in decorative optical fibres lighting for almost 30 years. Since its creation, Metrac has been designing and producing optical fibres lighting solutions for interior architecture, used in [&hellip;]<\/p>\n","protected":false},"author":281,"featured_media":0,"parent":0,"menu_order":0,"comment_status":"closed","ping_status":"closed","template":"","meta":{"footnotes":""},"class_list":["post-7279","page","type-page","status-publish","hentry"],"yoast_head":"<!-- This site is optimized with the Yoast SEO plugin v27.5 - https:\/\/yoast.com\/product\/yoast-seo-wordpress\/ -->\n<title>About us - Kitciel.com - Expert en \u00c9clairage Fibre Optique et LED<\/title>\n<meta name=\"robots\" content=\"index, follow, max-snippet:-1, max-image-preview:large, max-video-preview:-1\" \/>\n<link rel=\"canonical\" href=\"https:\/\/www.kitciel.com\/en\/a-propos-de-nous\/\" \/>\n<meta property=\"og:locale\" content=\"en_US\" \/>\n<meta property=\"og:type\" content=\"article\" \/>\n<meta property=\"og:title\" content=\"About us - Kitciel.com - Expert en \u00c9clairage Fibre Optique et LED\" \/>\n<meta property=\"og:description\" content=\"About Us The expertise of a specialist in optical fibres for nearly 30 years KitCiel is a brand developed by Metrac Int SA, a company that has specialized in decorative optical fibres lighting for almost 30 years. Since its creation, Metrac has been designing and producing optical fibres lighting solutions for interior architecture, used in [&hellip;]\" \/>\n<meta property=\"og:url\" content=\"https:\/\/www.kitciel.com\/en\/a-propos-de-nous\/\" \/>\n<meta property=\"og:site_name\" content=\"Kitciel.com - Expert en \u00c9clairage Fibre Optique et LED\" \/>\n<meta property=\"article:publisher\" content=\"https:\/\/www.facebook.com\/kitfibre\" \/>\n<meta property=\"article:modified_time\" content=\"2026-04-17T21:18:01+00:00\" \/>\n<meta property=\"og:image\" content=\"https:\/\/www.kitciel.com\/wp-content\/uploads\/2021\/11\/Banner-ciel-etoile-fibre-optique-haut-de-gamme-1024x341-min.jpg\" \/>\n\t<meta property=\"og:image:width\" content=\"1024\" \/>\n\t<meta property=\"og:image:height\" content=\"341\" \/>\n\t<meta property=\"og:image:type\" content=\"image\/jpeg\" \/>\n<meta name=\"twitter:card\" content=\"summary_large_image\" \/>\n<meta name=\"twitter:label1\" content=\"Est. reading time\" \/>\n\t<meta name=\"twitter:data1\" content=\"3 minutes\" \/>\n<script type=\"application\/ld+json\" class=\"yoast-schema-graph\">{\"@context\":\"https:\\\/\\\/schema.org\",\"@graph\":[{\"@type\":\"WebPage\",\"@id\":\"https:\\\/\\\/www.kitciel.com\\\/en\\\/a-propos-de-nous\\\/\",\"url\":\"https:\\\/\\\/www.kitciel.com\\\/en\\\/a-propos-de-nous\\\/\",\"name\":\"About us - Kitciel.com - Expert en \u00c9clairage Fibre Optique et LED\",\"isPartOf\":{\"@id\":\"https:\\\/\\\/www.kitciel.com\\\/en\\\/#website\"},\"primaryImageOfPage\":{\"@id\":\"https:\\\/\\\/www.kitciel.com\\\/en\\\/a-propos-de-nous\\\/#primaryimage\"},\"image\":{\"@id\":\"https:\\\/\\\/www.kitciel.com\\\/en\\\/a-propos-de-nous\\\/#primaryimage\"},\"thumbnailUrl\":\"https:\\\/\\\/www.kitciel.com\\\/wp-content\\\/uploads\\\/2021\\\/11\\\/Banner-ciel-etoile-fibre-optique-haut-de-gamme-1024x341-min.jpg\",\"datePublished\":\"2021-02-19T17:51:11+00:00\",\"dateModified\":\"2026-04-17T21:18:01+00:00\",\"breadcrumb\":{\"@id\":\"https:\\\/\\\/www.kitciel.com\\\/en\\\/a-propos-de-nous\\\/#breadcrumb\"},\"inLanguage\":\"en-US\",\"potentialAction\":[{\"@type\":\"ReadAction\",\"target\":[\"https:\\\/\\\/www.kitciel.com\\\/en\\\/a-propos-de-nous\\\/\"]}]},{\"@type\":\"ImageObject\",\"inLanguage\":\"en-US\",\"@id\":\"https:\\\/\\\/www.kitciel.com\\\/en\\\/a-propos-de-nous\\\/#primaryimage\",\"url\":\"https:\\\/\\\/www.kitciel.com\\\/wp-content\\\/uploads\\\/2021\\\/11\\\/Banner-ciel-etoile-fibre-optique-haut-de-gamme-1024x341-min.jpg\",\"contentUrl\":\"https:\\\/\\\/www.kitciel.com\\\/wp-content\\\/uploads\\\/2021\\\/11\\\/Banner-ciel-etoile-fibre-optique-haut-de-gamme-1024x341-min.jpg\"},{\"@type\":\"BreadcrumbList\",\"@id\":\"https:\\\/\\\/www.kitciel.com\\\/en\\\/a-propos-de-nous\\\/#breadcrumb\",\"itemListElement\":[{\"@type\":\"ListItem\",\"position\":1,\"name\":\"Accueil\",\"item\":\"https:\\\/\\\/www.kitciel.com\\\/en\\\/\"},{\"@type\":\"ListItem\",\"position\":2,\"name\":\"About us\"}]},{\"@type\":\"WebSite\",\"@id\":\"https:\\\/\\\/www.kitciel.com\\\/en\\\/#website\",\"url\":\"https:\\\/\\\/www.kitciel.com\\\/en\\\/\",\"name\":\"Kitciel.com - Expert en \u00c9clairage Fibre Optique et LED\",\"description\":\"\u00c9clairage LED et Fibre Optique pour Ciel \u00c9toil\u00e9\",\"publisher\":{\"@id\":\"https:\\\/\\\/www.kitciel.com\\\/en\\\/#organization\"},\"potentialAction\":[{\"@type\":\"SearchAction\",\"target\":{\"@type\":\"EntryPoint\",\"urlTemplate\":\"https:\\\/\\\/www.kitciel.com\\\/en\\\/?s={search_term_string}\"},\"query-input\":{\"@type\":\"PropertyValueSpecification\",\"valueRequired\":true,\"valueName\":\"search_term_string\"}}],\"inLanguage\":\"en-US\"},{\"@type\":\"Organization\",\"@id\":\"https:\\\/\\\/www.kitciel.com\\\/en\\\/#organization\",\"name\":\"Kitciel.com\",\"url\":\"https:\\\/\\\/www.kitciel.com\\\/en\\\/\",\"logo\":{\"@type\":\"ImageObject\",\"inLanguage\":\"en-US\",\"@id\":\"https:\\\/\\\/www.kitciel.com\\\/en\\\/#\\\/schema\\\/logo\\\/image\\\/\",\"url\":\"https:\\\/\\\/www.kitciel.com\\\/wp-content\\\/uploads\\\/2020\\\/05\\\/Sans-titre-1-paiement-paypal.png\",\"contentUrl\":\"https:\\\/\\\/www.kitciel.com\\\/wp-content\\\/uploads\\\/2020\\\/05\\\/Sans-titre-1-paiement-paypal.png\",\"width\":150,\"height\":50,\"caption\":\"Kitciel.com\"},\"image\":{\"@id\":\"https:\\\/\\\/www.kitciel.com\\\/en\\\/#\\\/schema\\\/logo\\\/image\\\/\"},\"sameAs\":[\"https:\\\/\\\/www.facebook.com\\\/kitfibre\",\"https:\\\/\\\/www.instagram.com\\\/kit.ciel\"]}]}<\/script>\n<!-- \/ Yoast SEO plugin. -->","yoast_head_json":{"title":"About us - Kitciel.com - Expert en \u00c9clairage Fibre Optique et LED","robots":{"index":"index","follow":"follow","max-snippet":"max-snippet:-1","max-image-preview":"max-image-preview:large","max-video-preview":"max-video-preview:-1"},"canonical":"https:\/\/www.kitciel.com\/en\/a-propos-de-nous\/","og_locale":"en_US","og_type":"article","og_title":"About us - Kitciel.com - Expert en \u00c9clairage Fibre Optique et LED","og_description":"About Us The expertise of a specialist in optical fibres for nearly 30 years KitCiel is a brand developed by Metrac Int SA, a company that has specialized in decorative optical fibres lighting for almost 30 years. Since its creation, Metrac has been designing and producing optical fibres lighting solutions for interior architecture, used in [&hellip;]","og_url":"https:\/\/www.kitciel.com\/en\/a-propos-de-nous\/","og_site_name":"Kitciel.com - Expert en \u00c9clairage Fibre Optique et LED","article_publisher":"https:\/\/www.facebook.com\/kitfibre","article_modified_time":"2026-04-17T21:18:01+00:00","og_image":[{"width":1024,"height":341,"url":"https:\/\/www.kitciel.com\/wp-content\/uploads\/2021\/11\/Banner-ciel-etoile-fibre-optique-haut-de-gamme-1024x341-min.jpg","type":"image\/jpeg"}],"twitter_card":"summary_large_image","twitter_misc":{"Est. reading time":"3 minutes"},"schema":{"@context":"https:\/\/schema.org","@graph":[{"@type":"WebPage","@id":"https:\/\/www.kitciel.com\/en\/a-propos-de-nous\/","url":"https:\/\/www.kitciel.com\/en\/a-propos-de-nous\/","name":"About us - Kitciel.com - Expert en \u00c9clairage Fibre Optique et LED","isPartOf":{"@id":"https:\/\/www.kitciel.com\/en\/#website"},"primaryImageOfPage":{"@id":"https:\/\/www.kitciel.com\/en\/a-propos-de-nous\/#primaryimage"},"image":{"@id":"https:\/\/www.kitciel.com\/en\/a-propos-de-nous\/#primaryimage"},"thumbnailUrl":"https:\/\/www.kitciel.com\/wp-content\/uploads\/2021\/11\/Banner-ciel-etoile-fibre-optique-haut-de-gamme-1024x341-min.jpg","datePublished":"2021-02-19T17:51:11+00:00","dateModified":"2026-04-17T21:18:01+00:00","breadcrumb":{"@id":"https:\/\/www.kitciel.com\/en\/a-propos-de-nous\/#breadcrumb"},"inLanguage":"en-US","potentialAction":[{"@type":"ReadAction","target":["https:\/\/www.kitciel.com\/en\/a-propos-de-nous\/"]}]},{"@type":"ImageObject","inLanguage":"en-US","@id":"https:\/\/www.kitciel.com\/en\/a-propos-de-nous\/#primaryimage","url":"https:\/\/www.kitciel.com\/wp-content\/uploads\/2021\/11\/Banner-ciel-etoile-fibre-optique-haut-de-gamme-1024x341-min.jpg","contentUrl":"https:\/\/www.kitciel.com\/wp-content\/uploads\/2021\/11\/Banner-ciel-etoile-fibre-optique-haut-de-gamme-1024x341-min.jpg"},{"@type":"BreadcrumbList","@id":"https:\/\/www.kitciel.com\/en\/a-propos-de-nous\/#breadcrumb","itemListElement":[{"@type":"ListItem","position":1,"name":"Accueil","item":"https:\/\/www.kitciel.com\/en\/"},{"@type":"ListItem","position":2,"name":"About us"}]},{"@type":"WebSite","@id":"https:\/\/www.kitciel.com\/en\/#website","url":"https:\/\/www.kitciel.com\/en\/","name":"Kitciel.com - Expert en \u00c9clairage Fibre Optique et LED","description":"\u00c9clairage LED et Fibre Optique pour Ciel \u00c9toil\u00e9","publisher":{"@id":"https:\/\/www.kitciel.com\/en\/#organization"},"potentialAction":[{"@type":"SearchAction","target":{"@type":"EntryPoint","urlTemplate":"https:\/\/www.kitciel.com\/en\/?s={search_term_string}"},"query-input":{"@type":"PropertyValueSpecification","valueRequired":true,"valueName":"search_term_string"}}],"inLanguage":"en-US"},{"@type":"Organization","@id":"https:\/\/www.kitciel.com\/en\/#organization","name":"Kitciel.com","url":"https:\/\/www.kitciel.com\/en\/","logo":{"@type":"ImageObject","inLanguage":"en-US","@id":"https:\/\/www.kitciel.com\/en\/#\/schema\/logo\/image\/","url":"https:\/\/www.kitciel.com\/wp-content\/uploads\/2020\/05\/Sans-titre-1-paiement-paypal.png","contentUrl":"https:\/\/www.kitciel.com\/wp-content\/uploads\/2020\/05\/Sans-titre-1-paiement-paypal.png","width":150,"height":50,"caption":"Kitciel.com"},"image":{"@id":"https:\/\/www.kitciel.com\/en\/#\/schema\/logo\/image\/"},"sameAs":["https:\/\/www.facebook.com\/kitfibre","https:\/\/www.instagram.com\/kit.ciel"]}]}},"_links":{"self":[{"href":"https:\/\/www.kitciel.com\/en\/wp-json\/wp\/v2\/pages\/7279","targetHints":{"allow":["GET"]}}],"collection":[{"href":"https:\/\/www.kitciel.com\/en\/wp-json\/wp\/v2\/pages"}],"about":[{"href":"https:\/\/www.kitciel.com\/en\/wp-json\/wp\/v2\/types\/page"}],"author":[{"embeddable":true,"href":"https:\/\/www.kitciel.com\/en\/wp-json\/wp\/v2\/users\/281"}],"replies":[{"embeddable":true,"href":"https:\/\/www.kitciel.com\/en\/wp-json\/wp\/v2\/comments?post=7279"}],"version-history":[{"count":4,"href":"https:\/\/www.kitciel.com\/en\/wp-json\/wp\/v2\/pages\/7279\/revisions"}],"predecessor-version":[{"id":16971,"href":"https:\/\/www.kitciel.com\/en\/wp-json\/wp\/v2\/pages\/7279\/revisions\/16971"}],"wp:attachment":[{"href":"https:\/\/www.kitciel.com\/en\/wp-json\/wp\/v2\/media?parent=7279"}],"curies":[{"name":"wp","href":"https:\/\/api.w.org\/{rel}","templated":true}]}}