{"id":16356,"date":"2026-03-01T05:47:35","date_gmt":"2026-03-01T03:47:35","guid":{"rendered":"https:\/\/www.kitciel.com\/?post_type=product&#038;p=16356"},"modified":"2026-04-17T21:17:04","modified_gmt":"2026-04-17T19:17:04","slug":"sternenhimmel-kit-200-fasern-o0-5-0-75-1-0mm-funkelndes-rgbw-bluetooth-copie-copie-copie-2","status":"publish","type":"product","link":"https:\/\/www.kitciel.com\/de\/produit\/sternenhimmel-kit-200-fasern-o0-5-0-75-1-0mm-funkelndes-rgbw-bluetooth-copie-copie-copie-2\/","title":{"rendered":"LED18W RGBW Bluetooth Sternenhimmel-Set mit Funkel-Effekt | 200 bis 1.200 optische Fasern"},"content":{"rendered":"<p data-start=\"161\" data-end=\"303\">Erstellen Sie ganz einfach einen spektakul\u00e4ren, funkelnden Sternenhimmel, selbst auf gro\u00dfen Fl\u00e4chen, mit einer tiefen, homogenen und immersiven Lichtwiedergabe.<\/p>\n<p data-start=\"305\" data-end=\"564\">Dieses Komplettset kombiniert einen 18W RGBW Bluetooth LED-Generator, eine Funkfernbedienung mit gro\u00dfer Reichweite und einen Kabelbaum mit 200 bis 1.200 Glasfasern, um eine echte High-End-Sternendecke sowohl im Wohnbereich als auch im professionellen Umfeld zu realisieren.<\/p>\n<p data-start=\"566\" data-end=\"779\">Die Steuerung \u00fcber eine App erm\u00f6glicht die Feinabstimmung von Farben, Lichtintensit\u00e4t und Glitzereffekten, um ein stilvolles, skalierbares Ambiente zu schaffen, das perfekt auf Ihr Projekt abgestimmt ist.<\/p>\n<p data-start=\"781\" data-end=\"810\"><strong data-start=\"781\" data-end=\"810\">Warum sollten Sie dieses Paket w\u00e4hlen?<\/strong><\/p>\n<ul data-start=\"812\" data-end=\"1632\">\n<li data-section-id=\"1o4ko4b\" data-start=\"202\" data-end=\"324\"><strong data-start=\"204\" data-end=\"250\">18W f\u00fcr gro\u00dfe Fl\u00e4chen<\/strong>: ideal f\u00fcr eine dichte, homogene und visuell eindrucksvolle Wiedergabe.<\/li>\n<li data-section-id=\"1w9j8y4\" data-start=\"325\" data-end=\"439\"><strong data-start=\"327\" data-end=\"357\">Realistischer Glitzereffekt<\/strong>: nat\u00fcrliche Lichtver\u00e4nderung f\u00fcr einen lebendigeren und intensiveren Sternenhimmel<\/li>\n<li data-section-id=\"15vi3i0\" data-start=\"440\" data-end=\"550\"><strong data-start=\"442\" data-end=\"476\">Vollst\u00e4ndige Kontrolle<\/strong> \u00fcber das <strong data-start=\"442\" data-end=\"476\">Ambiente<\/strong>: Steuerung \u00fcber Bluetooth-App + Fernbedienung mit gro\u00dfer Reichweite<\/li>\n<li data-section-id=\"hadnm7\" data-start=\"551\" data-end=\"675\"><strong data-start=\"553\" data-end=\"592\">Anpassbare Farben und Effekte<\/strong>: RGBW-Technologie, um sowohl sanfte als auch spektakul\u00e4re Stimmungen zu schaffen<\/li>\n<li data-section-id=\"yi1q89\" data-start=\"676\" data-end=\"823\"><strong data-start=\"678\" data-end=\"732\">Hochwertige Glasfaseroptik mit geringer D\u00e4mpfung<\/strong>: sch\u00e4rferes, tieferes und homogeneres Licht auch bei gro\u00dfen Faserl\u00e4ngen<\/li>\n<li data-section-id=\"92w4pd\" data-start=\"824\" data-end=\"1023\"><strong data-start=\"826\" data-end=\"867\">Konstante Lichtausbeute \u00fcber die Zeit<\/strong>: Im Gegensatz zu Standard-Glasfasern wird hier der Lichtverlust kontrolliert, was zu einer gleichm\u00e4\u00dfigen und stabilen Lichtausbeute auch bei gro\u00dfen Installationen f\u00fchrt.<\/li>\n<li data-section-id=\"26pwk9\" data-start=\"1024\" data-end=\"1197\"><strong data-start=\"1026\" data-end=\"1063\">Optimierte Faserorganisation<\/strong>: progressive L\u00e4ngen, geb\u00fcndelt und in S\u00e4cken verpackt f\u00fcr eine reibungslosere Installation, bessere Verteilung und minimalen Verlust.<\/li>\n<li data-section-id=\"1vdkl4d\" data-start=\"1198\" data-end=\"1304\"><strong data-start=\"1200\" data-end=\"1225\">Flexible Installation<\/strong>: geeignet f\u00fcr Decken, dekorative W\u00e4nde und bestimmte Fahrzeuganwendungen<\/li>\n<li data-section-id=\"jfscng\" data-start=\"1305\" data-end=\"1418\"><strong data-start=\"1307\" data-end=\"1339\">Komplettpaket<\/strong>: alle wichtigen Elemente sind enthalten, um die Implementierung zu vereinfachen.<\/li>\n<\/ul>\n<p data-start=\"1634\" data-end=\"1652\"><strong data-start=\"1634\" data-end=\"1652\">Inhalt des Pakets<\/strong><\/p>\n<ul data-start=\"1654\" data-end=\"1866\">\n<li data-section-id=\"1xjj6kw\" data-start=\"1654\" data-end=\"1690\">1 LED18W RGBW Bluetooth Generator<\/li>\n<li data-section-id=\"6g59v7\" data-start=\"1691\" data-end=\"1762\">1 Glasfaserkabelbaum (200 bis 1.200 Fasern je nach Konfiguration)<\/li>\n<li data-section-id=\"3nw9rb\" data-start=\"1763\" data-end=\"1814\">1 Funkfernbedienung mit gro\u00dfer Reichweite (inkl. Batterie)<\/li>\n<li data-section-id=\"cszxmm\" data-start=\"1815\" data-end=\"1866\">1 komplette Stromversorgung (Transformator + Kabel)<\/li>\n<\/ul>\n<h3 data-section-id=\"1wid31t\" data-start=\"2187\" data-end=\"2231\">Einfache Installation, professionelles Aussehen<\/h3>\n<p data-start=\"2233\" data-end=\"2363\">Das Prinzip der Installation ist einfach: Verteilen Sie die Lichtpunkte, bohren Sie in den Untergrund, verlegen Sie die Fasern und schlie\u00dfen Sie den Generator an.<\/p>\n<p data-start=\"2365\" data-end=\"2616\">Das Kit ist so konzipiert, dass es von jedem Heimwerker ohne spezielle Elektrokenntnisse installiert werden kann, wobei das Endergebnis eine hohe Qualit\u00e4t aufweist. Es ist keine komplexe Programmierung erforderlich, das System ist sofort einsatzbereit. <\/p>\n<h3 data-section-id=\"wggvqn\" data-start=\"2623\" data-end=\"2639\">Anwendungen<\/h3>\n<ul data-start=\"2641\" data-end=\"2926\">\n<li data-section-id=\"14hpai7\" data-start=\"2641\" data-end=\"2723\"><strong data-start=\"2643\" data-end=\"2656\">Innenbereich<\/strong>: Wohnzimmer, Schlafzimmer, Badezimmer, Spa, Sauna, Dampfbad, Heimkino<\/li>\n<li data-section-id=\"5xtpgn\" data-start=\"2724\" data-end=\"2792\"><strong data-start=\"2726\" data-end=\"2743\">Professionell<\/strong>: Hotels, Bars, Restaurants, Wellnessbereiche<\/li>\n<li data-section-id=\"yqyk2n\" data-start=\"2793\" data-end=\"2855\"><strong data-start=\"2795\" data-end=\"2819\">Kompatible Untergr\u00fcnde<\/strong>: Gipskarton, Gipskarton, Holz, MDF, Metall<\/li>\n<li data-section-id=\"1mi4ijy\" data-start=\"2856\" data-end=\"2926\"><strong data-start=\"2858\" data-end=\"2871\">Fahrzeuge<\/strong>: Aufstellung in einem Pavillon mit angepasster Ern\u00e4hrung<\/li>\n<\/ul>\n<p>Eine detaillierte und illustrierte Montageanleitung wird mitgeliefert, um Sie Schritt f\u00fcr Schritt zu begleiten und eine einfache Installation mit einem professionellen Aussehen zu gew\u00e4hrleisten.<\/p>\n<p data-start=\"2312\" data-end=\"2350\"><a href=\"https:\/\/www.kitciel.com\/wp-content\/uploads\/2024\/07\/Guide-de-montange-ciel-etoile_v2024.pdf\" target=\"_blank\" rel=\"noopener\">\ud83d\udcd8 Sehen Sie sich die \u00dcbersicht der Montageanleitung an.<\/a><\/p>\n","protected":false},"excerpt":{"rendered":"<p data-start=\"113\" data-end=\"248\">High-End-L\u00f6sung zur Schaffung eines funkelnden, immersiven Sternenhimmels mit einer tiefen und homogenen Wiedergabe, selbst auf gro\u00dfen Fl\u00e4chen.<\/p>\n<p data-start=\"250\" data-end=\"422\">18W RGBW Bluetooth LED-Generator mit Glitzereffekten, Steuerung \u00fcber App und Funkfernbedienung. Konfigurationen von 200 bis 1.200 Glasfasern je nach Ihrem Projekt. <\/p>\n<p data-start=\"424\" data-end=\"440\"><strong data-start=\"424\" data-end=\"440\">Ideal f\u00fcr :<\/strong><\/p>\n<ul data-start=\"442\" data-end=\"669\">\n<li data-section-id=\"1w38clu\" data-start=\"442\" data-end=\"504\">gro\u00dfe R\u00e4ume und dekorative Decken (10 bis 40 m\u00b2 und mehr)<\/li>\n<li data-section-id=\"132b58i\" data-start=\"505\" data-end=\"554\">Wohnzimmer, Heimkino, Schlafzimmer, Wellnessbereich<\/li>\n<li data-section-id=\"mp9f5v\" data-start=\"555\" data-end=\"611\">Hochwertige Wohn- und Architekturprojekte<\/li>\n<li data-section-id=\"1rx1xu4\" data-start=\"612\" data-end=\"669\">professionelle Einrichtungen (Hotels, Spas, Horeca)<\/li>\n<\/ul>\n<p data-start=\"671\" data-end=\"748\">Geeignet sowohl f\u00fcr anspruchsvolle Privatpersonen als auch f\u00fcr professionelle Projekte.<\/p>\n","protected":false},"featured_media":13817,"comment_status":"closed","ping_status":"closed","template":"","meta":[],"product_brand":[],"product_cat":[1087],"product_tag":[1088,430,364,496,540,912,959,365,366,367],"class_list":{"0":"post-16356","1":"product","2":"type-product","3":"status-publish","4":"has-post-thumbnail","6":"product_cat-glitzerhimmel-rgbw-kits","7":"product_tag-1000-fasern","8":"product_tag-200-fibres-de","9":"product_tag-300-fibres-de","10":"product_tag-400-fibres-de","11":"product_tag-500-fibres-de","12":"product_tag-600-fasern","13":"product_tag-800-fasern","14":"product_tag-bluetooth-de","15":"product_tag-rgbw-de","16":"product_tag-roue-de-scintillement-de","17":"product_shipping_class-kitmedium-de","18":"pa_config-harnais-des-fibres-1-000-fasern-3-bis-7-m","19":"pa_config-harnais-des-fibres-1-200-fasern-2-bis-7-m","20":"pa_config-harnais-des-fibres-200-fibres-2-a-3m-de-2","21":"pa_config-harnais-des-fibres-300-fibres-2-a-4-m-de-2","22":"pa_config-harnais-des-fibres-300-fibres-2-6m-de-2","23":"pa_config-harnais-des-fibres-400-fibres-2-a-5m-de","24":"pa_config-harnais-des-fibres-500-fibres-2-a-6m-de-2","25":"pa_config-harnais-des-fibres-600-fasern-2-bis-4m","26":"pa_config-harnais-des-fibres-600-fasern-2-bis-6-m","27":"pa_config-harnais-des-fibres-600-fasern-2-bis-7-m","28":"pa_config-harnais-des-fibres-800-fasern-2-bis-5m","29":"pa_diametres-fibres-050-075-100mm-de","30":"pa_diametres-fibres-4-durchmesser-0-50mm-0-75mm-1-0mm-2-0mm","31":"pa_diametres-fibres-durchmesser-075-mm","32":"pa_dimension-generateur-mm-135-x-95-x-55mm-de-2","33":"pa_longeur-des-fibres-2-2-7m","34":"pa_longeur-des-fibres-2-2-3m-de","35":"pa_longeur-des-fibres-2-2-4m-de","36":"pa_longeur-des-fibres-2-2-5m-de","37":"pa_longeur-des-fibres-2-2-6m-de","38":"pa_longeur-des-fibres-2-3-4m-de","39":"pa_puissance-generateur-18w-de","40":"pa_surface_conseillee-10-a-14m-de-2","41":"pa_surface_conseillee-12-a-16m2-de-2","42":"pa_surface_conseillee-14-a-20-m2-de-2","43":"pa_surface_conseillee-20-bis-28-m2","44":"pa_surface_conseillee-28-bis-48m2","45":"pa_surface_conseillee-3-a-8m-de-2","46":"pa_surface_conseillee-8-a-12m-de-2","47":"pa_typegenerateur-rgbw-tw-de","48":"pa_typegenerateur-rgb-bluetooth-de","49":"pa_typegenerateur-rgbw-de","51":"first","52":"instock","53":"sale","54":"featured","55":"taxable","56":"shipping-taxable","57":"purchasable","58":"product-type-variable","59":"has-default-attributes"},"yoast_head":"<!-- This site is optimized with the Yoast SEO plugin v27.5 - https:\/\/yoast.com\/product\/yoast-seo-wordpress\/ -->\n<title>LED18W RGBW-Bluetooth-Sternenhimmel-Kit mit Funkel-Effekt | 200 bis 1.200 optische Fasern<\/title>\n<meta name=\"description\" content=\"RGBW-Sternenhimmel-Set mit 18W Bluetooth-Generator und integrierter Kometenoption (12 x 1W LED-Ausg\u00e4nge). Bis zu 1.200 optische Fasern f\u00fcr einen dynamischen und immersiven Sternenhimmel.\" \/>\n<meta name=\"robots\" content=\"index, follow, max-snippet:-1, max-image-preview:large, max-video-preview:-1\" \/>\n<link rel=\"canonical\" href=\"https:\/\/www.kitciel.com\/de\/produit\/sternenhimmel-kit-200-fasern-o0-5-0-75-1-0mm-funkelndes-rgbw-bluetooth-copie-copie-copie-2\/\" \/>\n<meta property=\"og:locale\" content=\"de_DE\" \/>\n<meta property=\"og:type\" content=\"article\" \/>\n<meta property=\"og:title\" content=\"Sternenhimmel-Kit 400 Fasern - RGBW Bluetooth\" \/>\n<meta property=\"og:description\" content=\"Komplettes Sternenhimmel-Kit bestehend aus einem LED18W RGBW-Farb-Bluetooth-Generator (IOS- oder Android-kompatibel) mit Funkfernsteuerung mit gro\u00dfer Reichweite und 200-Faserkabelbaum von 2m bis 5m. Die Funkfernbedienung steuert durch die W\u00e4nde und erm\u00f6glicht die Farbauswahl inklusive Wei\u00df sowie mehrere Farbvariationsprogramme.\" \/>\n<meta property=\"og:url\" content=\"https:\/\/www.kitciel.com\/de\/produit\/sternenhimmel-kit-200-fasern-o0-5-0-75-1-0mm-funkelndes-rgbw-bluetooth-copie-copie-copie-2\/\" \/>\n<meta property=\"og:site_name\" content=\"Kitciel.com - Expert en \u00c9clairage Fibre Optique et LED\" \/>\n<meta property=\"article:publisher\" content=\"https:\/\/www.facebook.com\/kitfibre\" \/>\n<meta property=\"article:modified_time\" content=\"2026-04-17T19:17:04+00:00\" \/>\n<meta property=\"og:image\" content=\"https:\/\/www.kitciel.com\/wp-content\/uploads\/2020\/12\/Kit-ciel-led18W-BT.jpg\" \/>\n<meta name=\"twitter:card\" content=\"summary_large_image\" \/>\n<meta name=\"twitter:title\" content=\"Sternenhimmel-Kit 400 Fasern - RGBW Bluetooth\" \/>\n<meta name=\"twitter:description\" content=\"Komplettes Sternenhimmel-Kit bestehend aus einem LED18W RGBW-Farb-Bluetooth-Generator (IOS- oder Android-kompatibel) mit Funkfernsteuerung mit gro\u00dfer Reichweite und 200-Faserkabelbaum von 2m bis 5m. Die Funkfernbedienung steuert durch die W\u00e4nde und erm\u00f6glicht die Farbauswahl inklusive Wei\u00df sowie mehrere Farbvariationsprogramme.\" \/>\n<meta name=\"twitter:image\" content=\"https:\/\/www.kitciel.com\/wp-content\/uploads\/2020\/12\/Kit-ciel-led18W-BT.jpg\" \/>\n<meta name=\"twitter:label1\" content=\"Gesch\u00e4tzte Lesezeit\" \/>\n\t<meta name=\"twitter:data1\" content=\"2\u00a0Minuten\" \/>\n<script type=\"application\/ld+json\" class=\"yoast-schema-graph\">{\"@context\":\"https:\\\/\\\/schema.org\",\"@graph\":[{\"@type\":\"WebPage\",\"@id\":\"https:\\\/\\\/www.kitciel.com\\\/de\\\/produit\\\/sternenhimmel-kit-200-fasern-o0-5-0-75-1-0mm-funkelndes-rgbw-bluetooth-copie-copie-copie-2\\\/\",\"url\":\"https:\\\/\\\/www.kitciel.com\\\/de\\\/produit\\\/sternenhimmel-kit-200-fasern-o0-5-0-75-1-0mm-funkelndes-rgbw-bluetooth-copie-copie-copie-2\\\/\",\"name\":\"LED18W RGBW-Bluetooth-Sternenhimmel-Kit mit Funkel-Effekt | 200 bis 1.200 optische Fasern\",\"isPartOf\":{\"@id\":\"https:\\\/\\\/www.kitciel.com\\\/de\\\/#website\"},\"primaryImageOfPage\":{\"@id\":\"https:\\\/\\\/www.kitciel.com\\\/de\\\/produit\\\/sternenhimmel-kit-200-fasern-o0-5-0-75-1-0mm-funkelndes-rgbw-bluetooth-copie-copie-copie-2\\\/#primaryimage\"},\"image\":{\"@id\":\"https:\\\/\\\/www.kitciel.com\\\/de\\\/produit\\\/sternenhimmel-kit-200-fasern-o0-5-0-75-1-0mm-funkelndes-rgbw-bluetooth-copie-copie-copie-2\\\/#primaryimage\"},\"thumbnailUrl\":\"https:\\\/\\\/www.kitciel.com\\\/wp-content\\\/uploads\\\/2024\\\/07\\\/LED18W-RGBW-Scintillant-3-diametres.webp\",\"datePublished\":\"2026-03-01T03:47:35+00:00\",\"dateModified\":\"2026-04-17T19:17:04+00:00\",\"description\":\"RGBW-Sternenhimmel-Set mit 18W Bluetooth-Generator und integrierter Kometenoption (12 x 1W LED-Ausg\u00e4nge). Bis zu 1.200 optische Fasern f\u00fcr einen dynamischen und immersiven Sternenhimmel.\",\"breadcrumb\":{\"@id\":\"https:\\\/\\\/www.kitciel.com\\\/de\\\/produit\\\/sternenhimmel-kit-200-fasern-o0-5-0-75-1-0mm-funkelndes-rgbw-bluetooth-copie-copie-copie-2\\\/#breadcrumb\"},\"inLanguage\":\"de\",\"potentialAction\":[{\"@type\":\"ReadAction\",\"target\":[\"https:\\\/\\\/www.kitciel.com\\\/de\\\/produit\\\/sternenhimmel-kit-200-fasern-o0-5-0-75-1-0mm-funkelndes-rgbw-bluetooth-copie-copie-copie-2\\\/\"]}]},{\"@type\":\"ImageObject\",\"inLanguage\":\"de\",\"@id\":\"https:\\\/\\\/www.kitciel.com\\\/de\\\/produit\\\/sternenhimmel-kit-200-fasern-o0-5-0-75-1-0mm-funkelndes-rgbw-bluetooth-copie-copie-copie-2\\\/#primaryimage\",\"url\":\"https:\\\/\\\/www.kitciel.com\\\/wp-content\\\/uploads\\\/2024\\\/07\\\/LED18W-RGBW-Scintillant-3-diametres.webp\",\"contentUrl\":\"https:\\\/\\\/www.kitciel.com\\\/wp-content\\\/uploads\\\/2024\\\/07\\\/LED18W-RGBW-Scintillant-3-diametres.webp\",\"width\":800,\"height\":800,\"caption\":\"Sternenhimmel-Set Glitzerfaser 3 Durchmesser\"},{\"@type\":\"BreadcrumbList\",\"@id\":\"https:\\\/\\\/www.kitciel.com\\\/de\\\/produit\\\/sternenhimmel-kit-200-fasern-o0-5-0-75-1-0mm-funkelndes-rgbw-bluetooth-copie-copie-copie-2\\\/#breadcrumb\",\"itemListElement\":[{\"@type\":\"ListItem\",\"position\":1,\"name\":\"Accueil\",\"item\":\"https:\\\/\\\/www.kitciel.com\\\/de\\\/\"},{\"@type\":\"ListItem\",\"position\":2,\"name\":\"Einkaufen\",\"item\":\"https:\\\/\\\/www.kitciel.com\\\/de\\\/einkaufen\\\/\"},{\"@type\":\"ListItem\",\"position\":3,\"name\":\"LED18W RGBW Bluetooth Sternenhimmel-Set mit Funkel-Effekt | 200 bis 1.200 optische Fasern\"}]},{\"@type\":\"WebSite\",\"@id\":\"https:\\\/\\\/www.kitciel.com\\\/de\\\/#website\",\"url\":\"https:\\\/\\\/www.kitciel.com\\\/de\\\/\",\"name\":\"Kitciel.com - Expert en \u00c9clairage Fibre Optique et LED\",\"description\":\"\u00c9clairage LED et Fibre Optique pour Ciel \u00c9toil\u00e9\",\"publisher\":{\"@id\":\"https:\\\/\\\/www.kitciel.com\\\/de\\\/#organization\"},\"potentialAction\":[{\"@type\":\"SearchAction\",\"target\":{\"@type\":\"EntryPoint\",\"urlTemplate\":\"https:\\\/\\\/www.kitciel.com\\\/de\\\/?s={search_term_string}\"},\"query-input\":{\"@type\":\"PropertyValueSpecification\",\"valueRequired\":true,\"valueName\":\"search_term_string\"}}],\"inLanguage\":\"de\"},{\"@type\":\"Organization\",\"@id\":\"https:\\\/\\\/www.kitciel.com\\\/de\\\/#organization\",\"name\":\"Kitciel.com\",\"url\":\"https:\\\/\\\/www.kitciel.com\\\/de\\\/\",\"logo\":{\"@type\":\"ImageObject\",\"inLanguage\":\"de\",\"@id\":\"https:\\\/\\\/www.kitciel.com\\\/de\\\/#\\\/schema\\\/logo\\\/image\\\/\",\"url\":\"https:\\\/\\\/www.kitciel.com\\\/wp-content\\\/uploads\\\/2020\\\/05\\\/Sans-titre-1-paiement-paypal.png\",\"contentUrl\":\"https:\\\/\\\/www.kitciel.com\\\/wp-content\\\/uploads\\\/2020\\\/05\\\/Sans-titre-1-paiement-paypal.png\",\"width\":150,\"height\":50,\"caption\":\"Kitciel.com\"},\"image\":{\"@id\":\"https:\\\/\\\/www.kitciel.com\\\/de\\\/#\\\/schema\\\/logo\\\/image\\\/\"},\"sameAs\":[\"https:\\\/\\\/www.facebook.com\\\/kitfibre\",\"https:\\\/\\\/www.instagram.com\\\/kit.ciel\"]}]}<\/script>\n<!-- \/ Yoast SEO plugin. -->","yoast_head_json":{"title":"LED18W RGBW-Bluetooth-Sternenhimmel-Kit mit Funkel-Effekt | 200 bis 1.200 optische Fasern","description":"RGBW-Sternenhimmel-Set mit 18W Bluetooth-Generator und integrierter Kometenoption (12 x 1W LED-Ausg\u00e4nge). Bis zu 1.200 optische Fasern f\u00fcr einen dynamischen und immersiven Sternenhimmel.","robots":{"index":"index","follow":"follow","max-snippet":"max-snippet:-1","max-image-preview":"max-image-preview:large","max-video-preview":"max-video-preview:-1"},"canonical":"https:\/\/www.kitciel.com\/de\/produit\/sternenhimmel-kit-200-fasern-o0-5-0-75-1-0mm-funkelndes-rgbw-bluetooth-copie-copie-copie-2\/","og_locale":"de_DE","og_type":"article","og_title":"Sternenhimmel-Kit 400 Fasern - RGBW Bluetooth","og_description":"Komplettes Sternenhimmel-Kit bestehend aus einem LED18W RGBW-Farb-Bluetooth-Generator (IOS- oder Android-kompatibel) mit Funkfernsteuerung mit gro\u00dfer Reichweite und 200-Faserkabelbaum von 2m bis 5m. Die Funkfernbedienung steuert durch die W\u00e4nde und erm\u00f6glicht die Farbauswahl inklusive Wei\u00df sowie mehrere Farbvariationsprogramme.","og_url":"https:\/\/www.kitciel.com\/de\/produit\/sternenhimmel-kit-200-fasern-o0-5-0-75-1-0mm-funkelndes-rgbw-bluetooth-copie-copie-copie-2\/","og_site_name":"Kitciel.com - Expert en \u00c9clairage Fibre Optique et LED","article_publisher":"https:\/\/www.facebook.com\/kitfibre","article_modified_time":"2026-04-17T19:17:04+00:00","og_image":[{"url":"https:\/\/www.kitciel.com\/wp-content\/uploads\/2020\/12\/Kit-ciel-led18W-BT.jpg","type":"","width":"","height":""}],"twitter_card":"summary_large_image","twitter_title":"Sternenhimmel-Kit 400 Fasern - RGBW Bluetooth","twitter_description":"Komplettes Sternenhimmel-Kit bestehend aus einem LED18W RGBW-Farb-Bluetooth-Generator (IOS- oder Android-kompatibel) mit Funkfernsteuerung mit gro\u00dfer Reichweite und 200-Faserkabelbaum von 2m bis 5m. Die Funkfernbedienung steuert durch die W\u00e4nde und erm\u00f6glicht die Farbauswahl inklusive Wei\u00df sowie mehrere Farbvariationsprogramme.","twitter_image":"https:\/\/www.kitciel.com\/wp-content\/uploads\/2020\/12\/Kit-ciel-led18W-BT.jpg","twitter_misc":{"Gesch\u00e4tzte Lesezeit":"2\u00a0Minuten"},"schema":{"@context":"https:\/\/schema.org","@graph":[{"@type":"WebPage","@id":"https:\/\/www.kitciel.com\/de\/produit\/sternenhimmel-kit-200-fasern-o0-5-0-75-1-0mm-funkelndes-rgbw-bluetooth-copie-copie-copie-2\/","url":"https:\/\/www.kitciel.com\/de\/produit\/sternenhimmel-kit-200-fasern-o0-5-0-75-1-0mm-funkelndes-rgbw-bluetooth-copie-copie-copie-2\/","name":"LED18W RGBW-Bluetooth-Sternenhimmel-Kit mit Funkel-Effekt | 200 bis 1.200 optische Fasern","isPartOf":{"@id":"https:\/\/www.kitciel.com\/de\/#website"},"primaryImageOfPage":{"@id":"https:\/\/www.kitciel.com\/de\/produit\/sternenhimmel-kit-200-fasern-o0-5-0-75-1-0mm-funkelndes-rgbw-bluetooth-copie-copie-copie-2\/#primaryimage"},"image":{"@id":"https:\/\/www.kitciel.com\/de\/produit\/sternenhimmel-kit-200-fasern-o0-5-0-75-1-0mm-funkelndes-rgbw-bluetooth-copie-copie-copie-2\/#primaryimage"},"thumbnailUrl":"https:\/\/www.kitciel.com\/wp-content\/uploads\/2024\/07\/LED18W-RGBW-Scintillant-3-diametres.webp","datePublished":"2026-03-01T03:47:35+00:00","dateModified":"2026-04-17T19:17:04+00:00","description":"RGBW-Sternenhimmel-Set mit 18W Bluetooth-Generator und integrierter Kometenoption (12 x 1W LED-Ausg\u00e4nge). Bis zu 1.200 optische Fasern f\u00fcr einen dynamischen und immersiven Sternenhimmel.","breadcrumb":{"@id":"https:\/\/www.kitciel.com\/de\/produit\/sternenhimmel-kit-200-fasern-o0-5-0-75-1-0mm-funkelndes-rgbw-bluetooth-copie-copie-copie-2\/#breadcrumb"},"inLanguage":"de","potentialAction":[{"@type":"ReadAction","target":["https:\/\/www.kitciel.com\/de\/produit\/sternenhimmel-kit-200-fasern-o0-5-0-75-1-0mm-funkelndes-rgbw-bluetooth-copie-copie-copie-2\/"]}]},{"@type":"ImageObject","inLanguage":"de","@id":"https:\/\/www.kitciel.com\/de\/produit\/sternenhimmel-kit-200-fasern-o0-5-0-75-1-0mm-funkelndes-rgbw-bluetooth-copie-copie-copie-2\/#primaryimage","url":"https:\/\/www.kitciel.com\/wp-content\/uploads\/2024\/07\/LED18W-RGBW-Scintillant-3-diametres.webp","contentUrl":"https:\/\/www.kitciel.com\/wp-content\/uploads\/2024\/07\/LED18W-RGBW-Scintillant-3-diametres.webp","width":800,"height":800,"caption":"Sternenhimmel-Set Glitzerfaser 3 Durchmesser"},{"@type":"BreadcrumbList","@id":"https:\/\/www.kitciel.com\/de\/produit\/sternenhimmel-kit-200-fasern-o0-5-0-75-1-0mm-funkelndes-rgbw-bluetooth-copie-copie-copie-2\/#breadcrumb","itemListElement":[{"@type":"ListItem","position":1,"name":"Accueil","item":"https:\/\/www.kitciel.com\/de\/"},{"@type":"ListItem","position":2,"name":"Einkaufen","item":"https:\/\/www.kitciel.com\/de\/einkaufen\/"},{"@type":"ListItem","position":3,"name":"LED18W RGBW Bluetooth Sternenhimmel-Set mit Funkel-Effekt | 200 bis 1.200 optische Fasern"}]},{"@type":"WebSite","@id":"https:\/\/www.kitciel.com\/de\/#website","url":"https:\/\/www.kitciel.com\/de\/","name":"Kitciel.com - Expert en \u00c9clairage Fibre Optique et LED","description":"\u00c9clairage LED et Fibre Optique pour Ciel \u00c9toil\u00e9","publisher":{"@id":"https:\/\/www.kitciel.com\/de\/#organization"},"potentialAction":[{"@type":"SearchAction","target":{"@type":"EntryPoint","urlTemplate":"https:\/\/www.kitciel.com\/de\/?s={search_term_string}"},"query-input":{"@type":"PropertyValueSpecification","valueRequired":true,"valueName":"search_term_string"}}],"inLanguage":"de"},{"@type":"Organization","@id":"https:\/\/www.kitciel.com\/de\/#organization","name":"Kitciel.com","url":"https:\/\/www.kitciel.com\/de\/","logo":{"@type":"ImageObject","inLanguage":"de","@id":"https:\/\/www.kitciel.com\/de\/#\/schema\/logo\/image\/","url":"https:\/\/www.kitciel.com\/wp-content\/uploads\/2020\/05\/Sans-titre-1-paiement-paypal.png","contentUrl":"https:\/\/www.kitciel.com\/wp-content\/uploads\/2020\/05\/Sans-titre-1-paiement-paypal.png","width":150,"height":50,"caption":"Kitciel.com"},"image":{"@id":"https:\/\/www.kitciel.com\/de\/#\/schema\/logo\/image\/"},"sameAs":["https:\/\/www.facebook.com\/kitfibre","https:\/\/www.instagram.com\/kit.ciel"]}]}},"_links":{"self":[{"href":"https:\/\/www.kitciel.com\/de\/wp-json\/wp\/v2\/product\/16356","targetHints":{"allow":["GET"]}}],"collection":[{"href":"https:\/\/www.kitciel.com\/de\/wp-json\/wp\/v2\/product"}],"about":[{"href":"https:\/\/www.kitciel.com\/de\/wp-json\/wp\/v2\/types\/product"}],"replies":[{"embeddable":true,"href":"https:\/\/www.kitciel.com\/de\/wp-json\/wp\/v2\/comments?post=16356"}],"version-history":[{"count":2,"href":"https:\/\/www.kitciel.com\/de\/wp-json\/wp\/v2\/product\/16356\/revisions"}],"predecessor-version":[{"id":16891,"href":"https:\/\/www.kitciel.com\/de\/wp-json\/wp\/v2\/product\/16356\/revisions\/16891"}],"wp:featuredmedia":[{"embeddable":true,"href":"https:\/\/www.kitciel.com\/de\/wp-json\/wp\/v2\/media\/13817"}],"wp:attachment":[{"href":"https:\/\/www.kitciel.com\/de\/wp-json\/wp\/v2\/media?parent=16356"}],"wp:term":[{"taxonomy":"product_brand","embeddable":true,"href":"https:\/\/www.kitciel.com\/de\/wp-json\/wp\/v2\/product_brand?post=16356"},{"taxonomy":"product_cat","embeddable":true,"href":"https:\/\/www.kitciel.com\/de\/wp-json\/wp\/v2\/product_cat?post=16356"},{"taxonomy":"product_tag","embeddable":true,"href":"https:\/\/www.kitciel.com\/de\/wp-json\/wp\/v2\/product_tag?post=16356"}],"curies":[{"name":"wp","href":"https:\/\/api.w.org\/{rel}","templated":true}]}}